{"id":4078,"date":"2023-03-09T09:08:03","date_gmt":"2023-03-09T08:08:03","guid":{"rendered":"https:\/\/www.vargort.com\/?page_id=4078"},"modified":"2023-03-20T12:09:19","modified_gmt":"2023-03-20T11:09:19","slug":"manguitos-de-cauchos-celulares","status":"publish","type":"page","link":"https:\/\/www.vargort.com\/en\/productos\/cauchos-celulares\/manguitos-de-cauchos-celulares\/","title":{"rendered":"Cellular rubber sleeves"},"content":{"rendered":"<div data-elementor-type=\"wp-page\" data-elementor-id=\"4078\" class=\"elementor elementor-4078\">\n\t\t\t\t\t\t<section class=\"elementor-section elementor-top-section elementor-element elementor-element-1e3d1e89 elementor-section-boxed elementor-section-height-default elementor-section-height-default\" data-id=\"1e3d1e89\" data-element_type=\"section\" data-settings=\"{&quot;background_background&quot;:&quot;classic&quot;}\">\n\t\t\t\t\t\t\t<div class=\"elementor-background-overlay\"><\/div>\n\t\t\t\t\t\t\t<div class=\"elementor-container elementor-column-gap-default\">\n\t\t\t\t\t<div class=\"elementor-column elementor-col-100 elementor-top-column elementor-element elementor-element-753d24fb\" data-id=\"753d24fb\" data-element_type=\"column\">\n\t\t\t<div class=\"elementor-widget-wrap elementor-element-populated\">\n\t\t\t\t\t\t<div class=\"elementor-element elementor-element-7bb93a1b elementor-widget elementor-widget-heading\" data-id=\"7bb93a1b\" data-element_type=\"widget\" data-widget_type=\"heading.default\">\n\t\t\t\t<div class=\"elementor-widget-container\">\n\t\t\t<h2 class=\"elementor-heading-title elementor-size-default\">Cellular rubber sleeves<\/h2>\t\t<\/div>\n\t\t\t\t<\/div>\n\t\t\t\t<div class=\"elementor-element elementor-element-14b36c3a elementor-icon-list--layout-inline elementor-align-center elementor-list-item-link-full_width elementor-widget elementor-widget-icon-list\" data-id=\"14b36c3a\" data-element_type=\"widget\" data-widget_type=\"icon-list.default\">\n\t\t\t\t<div class=\"elementor-widget-container\">\n\t\t\t\t\t<ul class=\"elementor-icon-list-items elementor-inline-items\">\n\t\t\t\t\t\t\t<li class=\"elementor-icon-list-item elementor-inline-item\">\n\t\t\t\t\t\t\t\t\t\t\t<a href=\"https:\/\/www.vargort.com\/en\/\">\n\n\t\t\t\t\t\t\t\t\t\t\t<span class=\"elementor-icon-list-text\">Home<\/span>\n\t\t\t\t\t\t\t\t\t\t\t<\/a>\n\t\t\t\t\t\t\t\t\t<\/li>\n\t\t\t\t\t\t\t\t<li class=\"elementor-icon-list-item elementor-inline-item\">\n\t\t\t\t\t\t\t\t\t\t\t<a href=\"https:\/\/www.vargort.com\/en\/productos\/cauchos-celulares\/\">\n\n\t\t\t\t\t\t\t\t\t\t\t\t<span class=\"elementor-icon-list-icon\">\n\t\t\t\t\t\t\t<i aria-hidden=\"true\" class=\"fas fa-chevron-right\"><\/i>\t\t\t\t\t\t<\/span>\n\t\t\t\t\t\t\t\t\t\t<span class=\"elementor-icon-list-text\">Cellular rubbers<\/span>\n\t\t\t\t\t\t\t\t\t\t\t<\/a>\n\t\t\t\t\t\t\t\t\t<\/li>\n\t\t\t\t\t\t<\/ul>\n\t\t\t\t<\/div>\n\t\t\t\t<\/div>\n\t\t\t\t\t<\/div>\n\t\t<\/div>\n\t\t\t\t\t<\/div>\n\t\t<\/section>\n\t\t\t\t<section class=\"elementor-section elementor-top-section elementor-element elementor-element-2e223413 elementor-section-boxed elementor-section-height-default elementor-section-height-default\" data-id=\"2e223413\" data-element_type=\"section\">\n\t\t\t\t\t\t<div class=\"elementor-container elementor-column-gap-default\">\n\t\t\t\t\t<div class=\"elementor-column elementor-col-50 elementor-top-column elementor-element elementor-element-69a97c48\" data-id=\"69a97c48\" data-element_type=\"column\">\n\t\t\t<div class=\"elementor-widget-wrap elementor-element-populated\">\n\t\t\t\t\t\t<div class=\"elementor-element elementor-element-6c4a9b3d elementor-widget elementor-widget-image\" data-id=\"6c4a9b3d\" data-element_type=\"widget\" data-widget_type=\"image.default\">\n\t\t\t\t<div class=\"elementor-widget-container\">\n\t\t\t\t\t\t\t\t\t\t\t\t\t<img fetchpriority=\"high\" decoding=\"async\" width=\"862\" height=\"600\" src=\"https:\/\/www.vargort.com\/wp-content\/uploads\/2023\/03\/Manguitos-de-caucho-celular-Juntas-VARGORT.webp\" class=\"attachment-full size-full wp-image-6037\" alt=\"\" srcset=\"https:\/\/www.vargort.com\/wp-content\/uploads\/2023\/03\/Manguitos-de-caucho-celular-Juntas-VARGORT.webp 862w, https:\/\/www.vargort.com\/wp-content\/uploads\/2023\/03\/Manguitos-de-caucho-celular-Juntas-VARGORT-500x348.webp 500w, https:\/\/www.vargort.com\/wp-content\/uploads\/2023\/03\/Manguitos-de-caucho-celular-Juntas-VARGORT-300x209.webp 300w, https:\/\/www.vargort.com\/wp-content\/uploads\/2023\/03\/Manguitos-de-caucho-celular-Juntas-VARGORT-150x104.webp 150w, https:\/\/www.vargort.com\/wp-content\/uploads\/2023\/03\/Manguitos-de-caucho-celular-Juntas-VARGORT-768x535.webp 768w, https:\/\/www.vargort.com\/wp-content\/uploads\/2023\/03\/Manguitos-de-caucho-celular-Juntas-VARGORT-18x12.webp 18w\" sizes=\"(max-width: 862px) 100vw, 862px\" \/>\t\t\t\t\t\t\t\t\t\t\t\t\t<\/div>\n\t\t\t\t<\/div>\n\t\t\t\t\t<\/div>\n\t\t<\/div>\n\t\t\t\t<div class=\"elementor-column elementor-col-50 elementor-top-column elementor-element elementor-element-19361f2a\" data-id=\"19361f2a\" data-element_type=\"column\">\n\t\t\t<div class=\"elementor-widget-wrap elementor-element-populated\">\n\t\t\t\t\t\t<div class=\"elementor-element elementor-element-50f5fd2d elementor-widget elementor-widget-heading\" data-id=\"50f5fd2d\" data-element_type=\"widget\" data-widget_type=\"heading.default\">\n\t\t\t\t<div class=\"elementor-widget-container\">\n\t\t\t<h3 class=\"elementor-heading-title elementor-size-default\">Manufacturers of cellular rubber sleeves<\/h3>\t\t<\/div>\n\t\t\t\t<\/div>\n\t\t\t\t<div class=\"elementor-element elementor-element-1ee1bec elementor-widget elementor-widget-heading\" data-id=\"1ee1bec\" data-element_type=\"widget\" data-widget_type=\"heading.default\">\n\t\t\t\t<div class=\"elementor-widget-container\">\n\t\t\t<h4 class=\"elementor-heading-title elementor-size-medium\">Customized straight, conical or geometric cellular rubber sleeves<\/h4>\t\t<\/div>\n\t\t\t\t<\/div>\n\t\t\t\t<div class=\"elementor-element elementor-element-30193ac9 elementor-widget elementor-widget-text-editor\" data-id=\"30193ac9\" data-element_type=\"widget\" data-widget_type=\"text-editor.default\">\n\t\t\t\t<div class=\"elementor-widget-container\">\n\t\t\t\t\t\t\t<p>We manufacture cellular rubber sleeves built from a bevel joint that guarantees a flexible, long-lasting, and smooth joint. We use this process for all the joints of our sleeves in different materials.<\/p><p>The union of our cellular rubber sleeves is carried out with a process that ensures greater adherence and tensile strength. <\/p><p>We have a wide variety of sizes and shapes, we can manufacture straight, conical sleeves or with the required geometry. And we work with cellular rubbers in black, gray and white colors with thicknesses from 1.5 mm to 50 mm and with densities of 115kg\/m3, 130kg\/m3, 150kg\/m3.<\/p><p>We can also manufacture cellular rubber sleeves in EN-45545 fire retardant quality.<\/p>\t\t\t\t\t\t<\/div>\n\t\t\t\t<\/div>\n\t\t\t\t\t<\/div>\n\t\t<\/div>\n\t\t\t\t\t<\/div>\n\t\t<\/section>\n\t\t\t\t<section class=\"elementor-section elementor-top-section elementor-element elementor-element-151382e5 elementor-section-boxed elementor-section-height-default elementor-section-height-default\" data-id=\"151382e5\" data-element_type=\"section\">\n\t\t\t\t\t\t<div class=\"elementor-container elementor-column-gap-default\">\n\t\t\t\t\t<div class=\"elementor-column elementor-col-100 elementor-top-column elementor-element elementor-element-1e6ab274\" data-id=\"1e6ab274\" data-element_type=\"column\">\n\t\t\t<div class=\"elementor-widget-wrap\">\n\t\t\t\t\t\t\t<\/div>\n\t\t<\/div>\n\t\t\t\t\t<\/div>\n\t\t<\/section>\n\t\t\t\t<\/div>","protected":false},"excerpt":{"rendered":"<p>Manguitos de caucho celular Inicio Cauchos celulares Fabricantes de manguitos de cauchos celulares Manguitos de caucho celular a medida rectos, c\u00f3nicos o geom\u00e9tricos Fabricamos manguitos de cauchos celulares construidos a partir de una uni\u00f3n en bisel que garantiza una uni\u00f3n flexible, duradera y sin resaltes, este proceso lo utilizamos para todas las uniones de nuestros [&hellip;]<\/p>","protected":false},"author":1,"featured_media":0,"parent":3738,"menu_order":0,"comment_status":"closed","ping_status":"closed","template":"elementor_header_footer","meta":{"footnotes":""},"class_list":["post-4078","page","type-page","status-publish","hentry"],"yoast_head":"<!-- This site is optimized with the Yoast SEO Premium plugin v19.4 (Yoast SEO v21.7) - https:\/\/yoast.com\/wordpress\/plugins\/seo\/ -->\n<title>Manguitos de cauchos celulares - Juntas VARGORT<\/title>\n<meta name=\"robots\" content=\"index, follow, max-snippet:-1, max-image-preview:large, max-video-preview:-1\" \/>\n<link rel=\"canonical\" href=\"https:\/\/www.vargort.com\/en\/productos\/cauchos-celulares\/manguitos-de-cauchos-celulares\/\" \/>\n<meta property=\"og:locale\" content=\"en_GB\" \/>\n<meta property=\"og:type\" content=\"article\" \/>\n<meta property=\"og:title\" content=\"Manguitos de cauchos celulares\" \/>\n<meta property=\"og:description\" content=\"Manguitos de caucho celular Inicio Cauchos celulares Fabricantes de manguitos de cauchos celulares Manguitos de caucho celular a medida rectos, c\u00f3nicos o geom\u00e9tricos Fabricamos manguitos de cauchos celulares construidos a partir de una uni\u00f3n en bisel que garantiza una uni\u00f3n flexible, duradera y sin resaltes, este proceso lo utilizamos para todas las uniones de nuestros [&hellip;]\" \/>\n<meta property=\"og:url\" content=\"https:\/\/www.vargort.com\/en\/productos\/cauchos-celulares\/manguitos-de-cauchos-celulares\/\" \/>\n<meta property=\"og:site_name\" content=\"Juntas VARGORT\" \/>\n<meta property=\"article:modified_time\" content=\"2023-03-20T11:09:19+00:00\" \/>\n<meta property=\"og:image\" content=\"https:\/\/www.vargort.com\/wp-content\/uploads\/2023\/03\/Manguitos-de-caucho-celular-Juntas-VARGORT.webp\" \/>\n<meta name=\"twitter:card\" content=\"summary_large_image\" \/>\n<meta name=\"twitter:label1\" content=\"Estimated reading time\" \/>\n\t<meta name=\"twitter:data1\" content=\"1 minute\" \/>\n<script type=\"application\/ld+json\" class=\"yoast-schema-graph\">{\"@context\":\"https:\/\/schema.org\",\"@graph\":[{\"@type\":\"WebPage\",\"@id\":\"https:\/\/www.vargort.com\/productos\/cauchos-celulares\/manguitos-de-cauchos-celulares\/\",\"url\":\"https:\/\/www.vargort.com\/productos\/cauchos-celulares\/manguitos-de-cauchos-celulares\/\",\"name\":\"Manguitos de cauchos celulares - Juntas VARGORT\",\"isPartOf\":{\"@id\":\"https:\/\/www.vargort.com\/#website\"},\"datePublished\":\"2023-03-09T08:08:03+00:00\",\"dateModified\":\"2023-03-20T11:09:19+00:00\",\"breadcrumb\":{\"@id\":\"https:\/\/www.vargort.com\/productos\/cauchos-celulares\/manguitos-de-cauchos-celulares\/#breadcrumb\"},\"inLanguage\":\"en-GB\",\"potentialAction\":[{\"@type\":\"ReadAction\",\"target\":[\"https:\/\/www.vargort.com\/productos\/cauchos-celulares\/manguitos-de-cauchos-celulares\/\"]}]},{\"@type\":\"BreadcrumbList\",\"@id\":\"https:\/\/www.vargort.com\/productos\/cauchos-celulares\/manguitos-de-cauchos-celulares\/#breadcrumb\",\"itemListElement\":[{\"@type\":\"ListItem\",\"position\":1,\"name\":\"Portada\",\"item\":\"https:\/\/www.vargort.com\/\"},{\"@type\":\"ListItem\",\"position\":2,\"name\":\"Productos\",\"item\":\"https:\/\/www.vargort.com\/productos\/\"},{\"@type\":\"ListItem\",\"position\":3,\"name\":\"Cauchos celulares\",\"item\":\"https:\/\/www.vargort.com\/productos\/cauchos-celulares\/\"},{\"@type\":\"ListItem\",\"position\":4,\"name\":\"Manguitos de cauchos celulares\"}]},{\"@type\":\"WebSite\",\"@id\":\"https:\/\/www.vargort.com\/#website\",\"url\":\"https:\/\/www.vargort.com\/\",\"name\":\"Juntas VARGORT\",\"description\":\"Fabricantes de juntas y perfiles de caucho y silicona\",\"potentialAction\":[{\"@type\":\"SearchAction\",\"target\":{\"@type\":\"EntryPoint\",\"urlTemplate\":\"https:\/\/www.vargort.com\/?s={search_term_string}\"},\"query-input\":\"required name=search_term_string\"}],\"inLanguage\":\"en-GB\"}]}<\/script>\n<!-- \/ Yoast SEO Premium plugin. -->","yoast_head_json":{"title":"Manguitos de cauchos celulares - Juntas VARGORT","robots":{"index":"index","follow":"follow","max-snippet":"max-snippet:-1","max-image-preview":"max-image-preview:large","max-video-preview":"max-video-preview:-1"},"canonical":"https:\/\/www.vargort.com\/en\/productos\/cauchos-celulares\/manguitos-de-cauchos-celulares\/","og_locale":"en_GB","og_type":"article","og_title":"Manguitos de cauchos celulares","og_description":"Manguitos de caucho celular Inicio Cauchos celulares Fabricantes de manguitos de cauchos celulares Manguitos de caucho celular a medida rectos, c\u00f3nicos o geom\u00e9tricos Fabricamos manguitos de cauchos celulares construidos a partir de una uni\u00f3n en bisel que garantiza una uni\u00f3n flexible, duradera y sin resaltes, este proceso lo utilizamos para todas las uniones de nuestros [&hellip;]","og_url":"https:\/\/www.vargort.com\/en\/productos\/cauchos-celulares\/manguitos-de-cauchos-celulares\/","og_site_name":"Juntas VARGORT","article_modified_time":"2023-03-20T11:09:19+00:00","og_image":[{"url":"https:\/\/www.vargort.com\/wp-content\/uploads\/2023\/03\/Manguitos-de-caucho-celular-Juntas-VARGORT.webp"}],"twitter_card":"summary_large_image","twitter_misc":{"Estimated reading time":"1 minute"},"schema":{"@context":"https:\/\/schema.org","@graph":[{"@type":"WebPage","@id":"https:\/\/www.vargort.com\/productos\/cauchos-celulares\/manguitos-de-cauchos-celulares\/","url":"https:\/\/www.vargort.com\/productos\/cauchos-celulares\/manguitos-de-cauchos-celulares\/","name":"Manguitos de cauchos celulares - Juntas VARGORT","isPartOf":{"@id":"https:\/\/www.vargort.com\/#website"},"datePublished":"2023-03-09T08:08:03+00:00","dateModified":"2023-03-20T11:09:19+00:00","breadcrumb":{"@id":"https:\/\/www.vargort.com\/productos\/cauchos-celulares\/manguitos-de-cauchos-celulares\/#breadcrumb"},"inLanguage":"en-GB","potentialAction":[{"@type":"ReadAction","target":["https:\/\/www.vargort.com\/productos\/cauchos-celulares\/manguitos-de-cauchos-celulares\/"]}]},{"@type":"BreadcrumbList","@id":"https:\/\/www.vargort.com\/productos\/cauchos-celulares\/manguitos-de-cauchos-celulares\/#breadcrumb","itemListElement":[{"@type":"ListItem","position":1,"name":"Portada","item":"https:\/\/www.vargort.com\/"},{"@type":"ListItem","position":2,"name":"Productos","item":"https:\/\/www.vargort.com\/productos\/"},{"@type":"ListItem","position":3,"name":"Cauchos celulares","item":"https:\/\/www.vargort.com\/productos\/cauchos-celulares\/"},{"@type":"ListItem","position":4,"name":"Manguitos de cauchos celulares"}]},{"@type":"WebSite","@id":"https:\/\/www.vargort.com\/#website","url":"https:\/\/www.vargort.com\/","name":"Juntas VARGORT","description":"Fabricantes de juntas y perfiles de caucho y silicona","potentialAction":[{"@type":"SearchAction","target":{"@type":"EntryPoint","urlTemplate":"https:\/\/www.vargort.com\/?s={search_term_string}"},"query-input":"required name=search_term_string"}],"inLanguage":"en-GB"}]}},"_links":{"self":[{"href":"https:\/\/www.vargort.com\/en\/wp-json\/wp\/v2\/pages\/4078","targetHints":{"allow":["GET"]}}],"collection":[{"href":"https:\/\/www.vargort.com\/en\/wp-json\/wp\/v2\/pages"}],"about":[{"href":"https:\/\/www.vargort.com\/en\/wp-json\/wp\/v2\/types\/page"}],"author":[{"embeddable":true,"href":"https:\/\/www.vargort.com\/en\/wp-json\/wp\/v2\/users\/1"}],"replies":[{"embeddable":true,"href":"https:\/\/www.vargort.com\/en\/wp-json\/wp\/v2\/comments?post=4078"}],"version-history":[{"count":7,"href":"https:\/\/www.vargort.com\/en\/wp-json\/wp\/v2\/pages\/4078\/revisions"}],"predecessor-version":[{"id":6040,"href":"https:\/\/www.vargort.com\/en\/wp-json\/wp\/v2\/pages\/4078\/revisions\/6040"}],"up":[{"embeddable":true,"href":"https:\/\/www.vargort.com\/en\/wp-json\/wp\/v2\/pages\/3738"}],"wp:attachment":[{"href":"https:\/\/www.vargort.com\/en\/wp-json\/wp\/v2\/media?parent=4078"}],"curies":[{"name":"wp","href":"https:\/\/api.w.org\/{rel}","templated":true}]}}