{"id":4523,"date":"2023-03-10T11:52:41","date_gmt":"2023-03-10T10:52:41","guid":{"rendered":"https:\/\/www.vargort.com\/?page_id=4523"},"modified":"2023-04-25T08:55:55","modified_gmt":"2023-04-25T06:55:55","slug":"planchas-o-laminas-de-sbr","status":"publish","type":"page","link":"https:\/\/www.vargort.com\/en\/productos\/caucho-sbr\/planchas-o-laminas-de-sbr\/","title":{"rendered":"SBR rubber sheets"},"content":{"rendered":"<div data-elementor-type=\"wp-page\" data-elementor-id=\"4523\" class=\"elementor elementor-4523\">\n\t\t\t\t\t\t<section class=\"elementor-section elementor-top-section elementor-element elementor-element-1e3d1e89 elementor-section-boxed elementor-section-height-default elementor-section-height-default\" data-id=\"1e3d1e89\" data-element_type=\"section\" data-settings=\"{&quot;background_background&quot;:&quot;classic&quot;}\">\n\t\t\t\t\t\t\t<div class=\"elementor-background-overlay\"><\/div>\n\t\t\t\t\t\t\t<div class=\"elementor-container elementor-column-gap-default\">\n\t\t\t\t\t<div class=\"elementor-column elementor-col-100 elementor-top-column elementor-element elementor-element-753d24fb\" data-id=\"753d24fb\" data-element_type=\"column\">\n\t\t\t<div class=\"elementor-widget-wrap elementor-element-populated\">\n\t\t\t\t\t\t<div class=\"elementor-element elementor-element-7bb93a1b elementor-widget elementor-widget-heading\" data-id=\"7bb93a1b\" data-element_type=\"widget\" data-widget_type=\"heading.default\">\n\t\t\t\t<div class=\"elementor-widget-container\">\n\t\t\t<h2 class=\"elementor-heading-title elementor-size-default\">SBR rubber sheets<\/h2>\t\t<\/div>\n\t\t\t\t<\/div>\n\t\t\t\t<div class=\"elementor-element elementor-element-14b36c3a elementor-icon-list--layout-inline elementor-align-center elementor-list-item-link-full_width elementor-widget elementor-widget-icon-list\" data-id=\"14b36c3a\" data-element_type=\"widget\" data-widget_type=\"icon-list.default\">\n\t\t\t\t<div class=\"elementor-widget-container\">\n\t\t\t\t\t<ul class=\"elementor-icon-list-items elementor-inline-items\">\n\t\t\t\t\t\t\t<li class=\"elementor-icon-list-item elementor-inline-item\">\n\t\t\t\t\t\t\t\t\t\t\t<a href=\"https:\/\/www.vargort.com\/en\/\">\n\n\t\t\t\t\t\t\t\t\t\t\t<span class=\"elementor-icon-list-text\">Home<\/span>\n\t\t\t\t\t\t\t\t\t\t\t<\/a>\n\t\t\t\t\t\t\t\t\t<\/li>\n\t\t\t\t\t\t\t\t<li class=\"elementor-icon-list-item elementor-inline-item\">\n\t\t\t\t\t\t\t\t\t\t\t<a href=\"https:\/\/www.vargort.com\/en\/productos\/caucho-sbr\/\">\n\n\t\t\t\t\t\t\t\t\t\t\t\t<span class=\"elementor-icon-list-icon\">\n\t\t\t\t\t\t\t<i aria-hidden=\"true\" class=\"fas fa-chevron-right\"><\/i>\t\t\t\t\t\t<\/span>\n\t\t\t\t\t\t\t\t\t\t<span class=\"elementor-icon-list-text\">SBR rubber<\/span>\n\t\t\t\t\t\t\t\t\t\t\t<\/a>\n\t\t\t\t\t\t\t\t\t<\/li>\n\t\t\t\t\t\t<\/ul>\n\t\t\t\t<\/div>\n\t\t\t\t<\/div>\n\t\t\t\t\t<\/div>\n\t\t<\/div>\n\t\t\t\t\t<\/div>\n\t\t<\/section>\n\t\t\t\t<section class=\"elementor-section elementor-top-section elementor-element elementor-element-2e223413 elementor-section-boxed elementor-section-height-default elementor-section-height-default\" data-id=\"2e223413\" data-element_type=\"section\">\n\t\t\t\t\t\t<div class=\"elementor-container elementor-column-gap-default\">\n\t\t\t\t\t<div class=\"elementor-column elementor-col-50 elementor-top-column elementor-element elementor-element-69a97c48\" data-id=\"69a97c48\" data-element_type=\"column\">\n\t\t\t<div class=\"elementor-widget-wrap elementor-element-populated\">\n\t\t\t\t\t\t<div class=\"elementor-element elementor-element-6c4a9b3d elementor-widget elementor-widget-image\" data-id=\"6c4a9b3d\" data-element_type=\"widget\" data-widget_type=\"image.default\">\n\t\t\t\t<div class=\"elementor-widget-container\">\n\t\t\t\t\t\t\t\t\t\t\t\t\t<img fetchpriority=\"high\" decoding=\"async\" width=\"600\" height=\"450\" src=\"https:\/\/www.vargort.com\/wp-content\/uploads\/2023\/04\/SBR-NEGRO.png\" class=\"attachment-full size-full wp-image-6689\" alt=\"\" srcset=\"https:\/\/www.vargort.com\/wp-content\/uploads\/2023\/04\/SBR-NEGRO.png 600w, https:\/\/www.vargort.com\/wp-content\/uploads\/2023\/04\/SBR-NEGRO-300x225.png 300w, https:\/\/www.vargort.com\/wp-content\/uploads\/2023\/04\/SBR-NEGRO-150x113.png 150w, https:\/\/www.vargort.com\/wp-content\/uploads\/2023\/04\/SBR-NEGRO-16x12.png 16w, https:\/\/www.vargort.com\/wp-content\/uploads\/2023\/04\/SBR-NEGRO-500x375.png 500w\" sizes=\"(max-width: 600px) 100vw, 600px\" \/>\t\t\t\t\t\t\t\t\t\t\t\t\t<\/div>\n\t\t\t\t<\/div>\n\t\t\t\t\t<\/div>\n\t\t<\/div>\n\t\t\t\t<div class=\"elementor-column elementor-col-50 elementor-top-column elementor-element elementor-element-19361f2a\" data-id=\"19361f2a\" data-element_type=\"column\">\n\t\t\t<div class=\"elementor-widget-wrap elementor-element-populated\">\n\t\t\t\t\t\t<div class=\"elementor-element elementor-element-50f5fd2d elementor-widget elementor-widget-heading\" data-id=\"50f5fd2d\" data-element_type=\"widget\" data-widget_type=\"heading.default\">\n\t\t\t\t<div class=\"elementor-widget-container\">\n\t\t\t<h3 class=\"elementor-heading-title elementor-size-default\">Manufacturers of SBR rubber plates or sheets<\/h3>\t\t<\/div>\n\t\t\t\t<\/div>\n\t\t\t\t<div class=\"elementor-element elementor-element-1ee1bec elementor-widget elementor-widget-heading\" data-id=\"1ee1bec\" data-element_type=\"widget\" data-widget_type=\"heading.default\">\n\t\t\t\t<div class=\"elementor-widget-container\">\n\t\t\t<h4 class=\"elementor-heading-title elementor-size-medium\">SBR flat gaskets and stamped flat gaskets<\/h4>\t\t<\/div>\n\t\t\t\t<\/div>\n\t\t\t\t<div class=\"elementor-element elementor-element-30193ac9 elementor-widget elementor-widget-text-editor\" data-id=\"30193ac9\" data-element_type=\"widget\" data-widget_type=\"text-editor.default\">\n\t\t\t\t<div class=\"elementor-widget-container\">\n\t\t\t\t\t\t\t<p>We manufacture SBR 70\u00ba Shore A sheets and sheets in black in 1200mm x 10000mm or 1400mm x 10000mm format, and we also manufacture SBR sheets and sheets from 1mm to 30mm thick, in hardnesses ranging from 50 to 80 Shore A, in Black color , White and red.<\/p><p>In stock we normally have compact SBR sheets or plates calendered at 65\u00ba and 70\u00bashA, thicknesses from 1mm to 12mm with a width of 1400mm. In colors Black, White and Red.<\/p><p>Las principales aplicaciones de la plancha o lamina de SBR son, por un lado, a trav\u00e9s de los distintos procesos de corte; fabricaci\u00f3n de juntas de estanqueidad y juntas planas troqueladas. Aunque tambi\u00e9n se utiliza como: juntas de estanqueidad para cargas bajas, apoyos en estructuras, industria minera, rascadores y quitanieves, protecciones, topes, bandas laterales, etc.<\/p>\t\t\t\t\t\t<\/div>\n\t\t\t\t<\/div>\n\t\t\t\t\t<\/div>\n\t\t<\/div>\n\t\t\t\t\t<\/div>\n\t\t<\/section>\n\t\t\t\t<section class=\"elementor-section elementor-top-section elementor-element elementor-element-151382e5 elementor-section-boxed elementor-section-height-default elementor-section-height-default\" data-id=\"151382e5\" data-element_type=\"section\">\n\t\t\t\t\t\t<div class=\"elementor-container elementor-column-gap-default\">\n\t\t\t\t\t<div class=\"elementor-column elementor-col-100 elementor-top-column elementor-element elementor-element-1e6ab274\" data-id=\"1e6ab274\" data-element_type=\"column\">\n\t\t\t<div class=\"elementor-widget-wrap\">\n\t\t\t\t\t\t\t<\/div>\n\t\t<\/div>\n\t\t\t\t\t<\/div>\n\t\t<\/section>\n\t\t\t\t<\/div>","protected":false},"excerpt":{"rendered":"<p>Planchas o l\u00e1minas de SBR Inicio Caucho SBR Fabricantes planchas o l\u00e1minas de caucho SBR Juntas planas de estanqueidad y juntas planas troqueladas de SBR Fabricamos planchas y l\u00e1minas de SBR 70\u00ba Shore A en color negro en formato 1200mm x 10000mm o 1400mm x 10000mm, y tambi\u00e9n fabricamos planchas y l\u00e1minas de SBR 1mm [&hellip;]<\/p>","protected":false},"author":1,"featured_media":0,"parent":4351,"menu_order":0,"comment_status":"closed","ping_status":"closed","template":"elementor_header_footer","meta":{"footnotes":""},"class_list":["post-4523","page","type-page","status-publish","hentry"],"yoast_head":"<!-- This site is optimized with the Yoast SEO Premium plugin v19.4 (Yoast SEO v21.7) - https:\/\/yoast.com\/wordpress\/plugins\/seo\/ -->\n<title>Planchas o l\u00e1minas de SBR - Juntas VARGORT<\/title>\n<meta name=\"robots\" content=\"index, follow, max-snippet:-1, max-image-preview:large, max-video-preview:-1\" \/>\n<link rel=\"canonical\" href=\"https:\/\/www.vargort.com\/en\/productos\/caucho-sbr\/planchas-o-laminas-de-sbr\/\" \/>\n<meta property=\"og:locale\" content=\"en_GB\" \/>\n<meta property=\"og:type\" content=\"article\" \/>\n<meta property=\"og:title\" content=\"Planchas o l\u00e1minas de SBR\" \/>\n<meta property=\"og:description\" content=\"Planchas o l\u00e1minas de SBR Inicio Caucho SBR Fabricantes planchas o l\u00e1minas de caucho SBR Juntas planas de estanqueidad y juntas planas troqueladas de SBR Fabricamos planchas y l\u00e1minas de SBR 70\u00ba Shore A en color negro en formato 1200mm x 10000mm o 1400mm x 10000mm, y tambi\u00e9n fabricamos planchas y l\u00e1minas de SBR 1mm [&hellip;]\" \/>\n<meta property=\"og:url\" content=\"https:\/\/www.vargort.com\/en\/productos\/caucho-sbr\/planchas-o-laminas-de-sbr\/\" \/>\n<meta property=\"og:site_name\" content=\"Juntas VARGORT\" \/>\n<meta property=\"article:modified_time\" content=\"2023-04-25T06:55:55+00:00\" \/>\n<meta property=\"og:image\" content=\"https:\/\/www.vargort.com\/wp-content\/uploads\/2023\/04\/SBR-NEGRO.png\" \/>\n<meta name=\"twitter:card\" content=\"summary_large_image\" \/>\n<meta name=\"twitter:label1\" content=\"Estimated reading time\" \/>\n\t<meta name=\"twitter:data1\" content=\"1 minute\" \/>\n<script type=\"application\/ld+json\" class=\"yoast-schema-graph\">{\"@context\":\"https:\/\/schema.org\",\"@graph\":[{\"@type\":\"WebPage\",\"@id\":\"https:\/\/www.vargort.com\/productos\/caucho-sbr\/planchas-o-laminas-de-sbr\/\",\"url\":\"https:\/\/www.vargort.com\/productos\/caucho-sbr\/planchas-o-laminas-de-sbr\/\",\"name\":\"Planchas o l\u00e1minas de SBR - Juntas VARGORT\",\"isPartOf\":{\"@id\":\"https:\/\/www.vargort.com\/#website\"},\"datePublished\":\"2023-03-10T10:52:41+00:00\",\"dateModified\":\"2023-04-25T06:55:55+00:00\",\"breadcrumb\":{\"@id\":\"https:\/\/www.vargort.com\/productos\/caucho-sbr\/planchas-o-laminas-de-sbr\/#breadcrumb\"},\"inLanguage\":\"en-GB\",\"potentialAction\":[{\"@type\":\"ReadAction\",\"target\":[\"https:\/\/www.vargort.com\/productos\/caucho-sbr\/planchas-o-laminas-de-sbr\/\"]}]},{\"@type\":\"BreadcrumbList\",\"@id\":\"https:\/\/www.vargort.com\/productos\/caucho-sbr\/planchas-o-laminas-de-sbr\/#breadcrumb\",\"itemListElement\":[{\"@type\":\"ListItem\",\"position\":1,\"name\":\"Portada\",\"item\":\"https:\/\/www.vargort.com\/\"},{\"@type\":\"ListItem\",\"position\":2,\"name\":\"Productos\",\"item\":\"https:\/\/www.vargort.com\/productos\/\"},{\"@type\":\"ListItem\",\"position\":3,\"name\":\"Caucho SBR\",\"item\":\"https:\/\/www.vargort.com\/productos\/caucho-sbr\/\"},{\"@type\":\"ListItem\",\"position\":4,\"name\":\"Planchas o l\u00e1minas de SBR\"}]},{\"@type\":\"WebSite\",\"@id\":\"https:\/\/www.vargort.com\/#website\",\"url\":\"https:\/\/www.vargort.com\/\",\"name\":\"Juntas VARGORT\",\"description\":\"Fabricantes de juntas y perfiles de caucho y silicona\",\"potentialAction\":[{\"@type\":\"SearchAction\",\"target\":{\"@type\":\"EntryPoint\",\"urlTemplate\":\"https:\/\/www.vargort.com\/?s={search_term_string}\"},\"query-input\":\"required name=search_term_string\"}],\"inLanguage\":\"en-GB\"}]}<\/script>\n<!-- \/ Yoast SEO Premium plugin. -->","yoast_head_json":{"title":"Planchas o l\u00e1minas de SBR - Juntas VARGORT","robots":{"index":"index","follow":"follow","max-snippet":"max-snippet:-1","max-image-preview":"max-image-preview:large","max-video-preview":"max-video-preview:-1"},"canonical":"https:\/\/www.vargort.com\/en\/productos\/caucho-sbr\/planchas-o-laminas-de-sbr\/","og_locale":"en_GB","og_type":"article","og_title":"Planchas o l\u00e1minas de SBR","og_description":"Planchas o l\u00e1minas de SBR Inicio Caucho SBR Fabricantes planchas o l\u00e1minas de caucho SBR Juntas planas de estanqueidad y juntas planas troqueladas de SBR Fabricamos planchas y l\u00e1minas de SBR 70\u00ba Shore A en color negro en formato 1200mm x 10000mm o 1400mm x 10000mm, y tambi\u00e9n fabricamos planchas y l\u00e1minas de SBR 1mm [&hellip;]","og_url":"https:\/\/www.vargort.com\/en\/productos\/caucho-sbr\/planchas-o-laminas-de-sbr\/","og_site_name":"Juntas VARGORT","article_modified_time":"2023-04-25T06:55:55+00:00","og_image":[{"url":"https:\/\/www.vargort.com\/wp-content\/uploads\/2023\/04\/SBR-NEGRO.png"}],"twitter_card":"summary_large_image","twitter_misc":{"Estimated reading time":"1 minute"},"schema":{"@context":"https:\/\/schema.org","@graph":[{"@type":"WebPage","@id":"https:\/\/www.vargort.com\/productos\/caucho-sbr\/planchas-o-laminas-de-sbr\/","url":"https:\/\/www.vargort.com\/productos\/caucho-sbr\/planchas-o-laminas-de-sbr\/","name":"Planchas o l\u00e1minas de SBR - Juntas VARGORT","isPartOf":{"@id":"https:\/\/www.vargort.com\/#website"},"datePublished":"2023-03-10T10:52:41+00:00","dateModified":"2023-04-25T06:55:55+00:00","breadcrumb":{"@id":"https:\/\/www.vargort.com\/productos\/caucho-sbr\/planchas-o-laminas-de-sbr\/#breadcrumb"},"inLanguage":"en-GB","potentialAction":[{"@type":"ReadAction","target":["https:\/\/www.vargort.com\/productos\/caucho-sbr\/planchas-o-laminas-de-sbr\/"]}]},{"@type":"BreadcrumbList","@id":"https:\/\/www.vargort.com\/productos\/caucho-sbr\/planchas-o-laminas-de-sbr\/#breadcrumb","itemListElement":[{"@type":"ListItem","position":1,"name":"Portada","item":"https:\/\/www.vargort.com\/"},{"@type":"ListItem","position":2,"name":"Productos","item":"https:\/\/www.vargort.com\/productos\/"},{"@type":"ListItem","position":3,"name":"Caucho SBR","item":"https:\/\/www.vargort.com\/productos\/caucho-sbr\/"},{"@type":"ListItem","position":4,"name":"Planchas o l\u00e1minas de SBR"}]},{"@type":"WebSite","@id":"https:\/\/www.vargort.com\/#website","url":"https:\/\/www.vargort.com\/","name":"Juntas VARGORT","description":"Fabricantes de juntas y perfiles de caucho y silicona","potentialAction":[{"@type":"SearchAction","target":{"@type":"EntryPoint","urlTemplate":"https:\/\/www.vargort.com\/?s={search_term_string}"},"query-input":"required name=search_term_string"}],"inLanguage":"en-GB"}]}},"_links":{"self":[{"href":"https:\/\/www.vargort.com\/en\/wp-json\/wp\/v2\/pages\/4523","targetHints":{"allow":["GET"]}}],"collection":[{"href":"https:\/\/www.vargort.com\/en\/wp-json\/wp\/v2\/pages"}],"about":[{"href":"https:\/\/www.vargort.com\/en\/wp-json\/wp\/v2\/types\/page"}],"author":[{"embeddable":true,"href":"https:\/\/www.vargort.com\/en\/wp-json\/wp\/v2\/users\/1"}],"replies":[{"embeddable":true,"href":"https:\/\/www.vargort.com\/en\/wp-json\/wp\/v2\/comments?post=4523"}],"version-history":[{"count":16,"href":"https:\/\/www.vargort.com\/en\/wp-json\/wp\/v2\/pages\/4523\/revisions"}],"predecessor-version":[{"id":6692,"href":"https:\/\/www.vargort.com\/en\/wp-json\/wp\/v2\/pages\/4523\/revisions\/6692"}],"up":[{"embeddable":true,"href":"https:\/\/www.vargort.com\/en\/wp-json\/wp\/v2\/pages\/4351"}],"wp:attachment":[{"href":"https:\/\/www.vargort.com\/en\/wp-json\/wp\/v2\/media?parent=4523"}],"curies":[{"name":"wp","href":"https:\/\/api.w.org\/{rel}","templated":true}]}}