{"id":4739,"date":"2023-03-13T08:43:30","date_gmt":"2023-03-13T07:43:30","guid":{"rendered":"https:\/\/www.vargort.com\/?page_id=4739"},"modified":"2023-05-19T14:00:38","modified_gmt":"2023-05-19T12:00:38","slug":"arandelas-de-plastico-teflon","status":"publish","type":"page","link":"https:\/\/www.vargort.com\/en\/productos\/plastico-ptfe-teflon\/arandelas-de-plastico-teflon\/","title":{"rendered":"Plastic Washers - Teflon"},"content":{"rendered":"<div data-elementor-type=\"wp-page\" data-elementor-id=\"4739\" class=\"elementor elementor-4739\">\n\t\t\t\t\t\t<section class=\"elementor-section elementor-top-section elementor-element elementor-element-1e3d1e89 elementor-section-boxed elementor-section-height-default elementor-section-height-default\" data-id=\"1e3d1e89\" data-element_type=\"section\" data-settings=\"{&quot;background_background&quot;:&quot;classic&quot;}\">\n\t\t\t\t\t\t\t<div class=\"elementor-background-overlay\"><\/div>\n\t\t\t\t\t\t\t<div class=\"elementor-container elementor-column-gap-default\">\n\t\t\t\t\t<div class=\"elementor-column elementor-col-100 elementor-top-column elementor-element elementor-element-753d24fb\" data-id=\"753d24fb\" data-element_type=\"column\">\n\t\t\t<div class=\"elementor-widget-wrap elementor-element-populated\">\n\t\t\t\t\t\t<div class=\"elementor-element elementor-element-7bb93a1b elementor-widget elementor-widget-heading\" data-id=\"7bb93a1b\" data-element_type=\"widget\" data-widget_type=\"heading.default\">\n\t\t\t\t<div class=\"elementor-widget-container\">\n\t\t\t<h2 class=\"elementor-heading-title elementor-size-default\">Plastic Washers (Teflon)<\/h2>\t\t<\/div>\n\t\t\t\t<\/div>\n\t\t\t\t<div class=\"elementor-element elementor-element-14b36c3a elementor-icon-list--layout-inline elementor-align-center elementor-list-item-link-full_width elementor-widget elementor-widget-icon-list\" data-id=\"14b36c3a\" data-element_type=\"widget\" data-widget_type=\"icon-list.default\">\n\t\t\t\t<div class=\"elementor-widget-container\">\n\t\t\t\t\t<ul class=\"elementor-icon-list-items elementor-inline-items\">\n\t\t\t\t\t\t\t<li class=\"elementor-icon-list-item elementor-inline-item\">\n\t\t\t\t\t\t\t\t\t\t\t<a href=\"https:\/\/www.vargort.com\/en\/\">\n\n\t\t\t\t\t\t\t\t\t\t\t<span class=\"elementor-icon-list-text\">Home<\/span>\n\t\t\t\t\t\t\t\t\t\t\t<\/a>\n\t\t\t\t\t\t\t\t\t<\/li>\n\t\t\t\t\t\t\t\t<li class=\"elementor-icon-list-item elementor-inline-item\">\n\t\t\t\t\t\t\t\t\t\t\t<a href=\"https:\/\/www.vargort.com\/en\/productos\/plastico-ptfe-teflon\/\">\n\n\t\t\t\t\t\t\t\t\t\t\t\t<span class=\"elementor-icon-list-icon\">\n\t\t\t\t\t\t\t<i aria-hidden=\"true\" class=\"fas fa-chevron-right\"><\/i>\t\t\t\t\t\t<\/span>\n\t\t\t\t\t\t\t\t\t\t<span class=\"elementor-icon-list-text\">PTFE plastic (Teflon)<\/span>\n\t\t\t\t\t\t\t\t\t\t\t<\/a>\n\t\t\t\t\t\t\t\t\t<\/li>\n\t\t\t\t\t\t<\/ul>\n\t\t\t\t<\/div>\n\t\t\t\t<\/div>\n\t\t\t\t\t<\/div>\n\t\t<\/div>\n\t\t\t\t\t<\/div>\n\t\t<\/section>\n\t\t\t\t<section class=\"elementor-section elementor-top-section elementor-element elementor-element-2e223413 elementor-section-boxed elementor-section-height-default elementor-section-height-default\" data-id=\"2e223413\" data-element_type=\"section\">\n\t\t\t\t\t\t<div class=\"elementor-container elementor-column-gap-default\">\n\t\t\t\t\t<div class=\"elementor-column elementor-col-50 elementor-top-column elementor-element elementor-element-69a97c48\" data-id=\"69a97c48\" data-element_type=\"column\">\n\t\t\t<div class=\"elementor-widget-wrap elementor-element-populated\">\n\t\t\t\t\t\t<div class=\"elementor-element elementor-element-6c4a9b3d elementor-widget elementor-widget-image\" data-id=\"6c4a9b3d\" data-element_type=\"widget\" data-widget_type=\"image.default\">\n\t\t\t\t<div class=\"elementor-widget-container\">\n\t\t\t\t\t\t\t\t\t\t\t\t\t<img fetchpriority=\"high\" decoding=\"async\" width=\"800\" height=\"800\" src=\"https:\/\/www.vargort.com\/wp-content\/uploads\/2023\/03\/Arandelas-de-plastico-PTFE-Teflon-Juntas-VARGORT.webp\" class=\"attachment-full size-full wp-image-5867\" alt=\"\" srcset=\"https:\/\/www.vargort.com\/wp-content\/uploads\/2023\/03\/Arandelas-de-plastico-PTFE-Teflon-Juntas-VARGORT.webp 800w, https:\/\/www.vargort.com\/wp-content\/uploads\/2023\/03\/Arandelas-de-plastico-PTFE-Teflon-Juntas-VARGORT-100x100.webp 100w, https:\/\/www.vargort.com\/wp-content\/uploads\/2023\/03\/Arandelas-de-plastico-PTFE-Teflon-Juntas-VARGORT-500x500.webp 500w, https:\/\/www.vargort.com\/wp-content\/uploads\/2023\/03\/Arandelas-de-plastico-PTFE-Teflon-Juntas-VARGORT-300x300.webp 300w, https:\/\/www.vargort.com\/wp-content\/uploads\/2023\/03\/Arandelas-de-plastico-PTFE-Teflon-Juntas-VARGORT-150x150.webp 150w, https:\/\/www.vargort.com\/wp-content\/uploads\/2023\/03\/Arandelas-de-plastico-PTFE-Teflon-Juntas-VARGORT-768x768.webp 768w, https:\/\/www.vargort.com\/wp-content\/uploads\/2023\/03\/Arandelas-de-plastico-PTFE-Teflon-Juntas-VARGORT-12x12.webp 12w\" sizes=\"(max-width: 800px) 100vw, 800px\" \/>\t\t\t\t\t\t\t\t\t\t\t\t\t<\/div>\n\t\t\t\t<\/div>\n\t\t\t\t\t<\/div>\n\t\t<\/div>\n\t\t\t\t<div class=\"elementor-column elementor-col-50 elementor-top-column elementor-element elementor-element-19361f2a\" data-id=\"19361f2a\" data-element_type=\"column\">\n\t\t\t<div class=\"elementor-widget-wrap elementor-element-populated\">\n\t\t\t\t\t\t<div class=\"elementor-element elementor-element-50f5fd2d elementor-widget elementor-widget-heading\" data-id=\"50f5fd2d\" data-element_type=\"widget\" data-widget_type=\"heading.default\">\n\t\t\t\t<div class=\"elementor-widget-container\">\n\t\t\t<h3 class=\"elementor-heading-title elementor-size-default\">Manufacturers of PTFE (Teflon) plastic washers<\/h3>\t\t<\/div>\n\t\t\t\t<\/div>\n\t\t\t\t<div class=\"elementor-element elementor-element-1ee1bec elementor-widget elementor-widget-heading\" data-id=\"1ee1bec\" data-element_type=\"widget\" data-widget_type=\"heading.default\">\n\t\t\t\t<div class=\"elementor-widget-container\">\n\t\t\t<h4 class=\"elementor-heading-title elementor-size-medium\">Teflon washers for food, pharmaceutical, chemical and petrochemical industries<\/h4>\t\t<\/div>\n\t\t\t\t<\/div>\n\t\t\t\t<div class=\"elementor-element elementor-element-30193ac9 elementor-widget elementor-widget-text-editor\" data-id=\"30193ac9\" data-element_type=\"widget\" data-widget_type=\"text-editor.default\">\n\t\t\t\t<div class=\"elementor-widget-container\">\n\t\t\t\t\t\t\t<p>The<strong> teflon (PTFE) washers<\/strong> are made from sheets and always consist of outer diameter (A), inner diameter (B) and thickness (C).<\/p><p>Regarding Teflon (PTFE) washers with their measurement requirements, we are the best option, since at VARGORT we manufacture customized and standard Teflon (PTFE) washers in any quality, measure, or thickness.<\/p><p>If you need a special Teflon (PTFE) washer, or with a particular design adapted to your needs, do not hesitate to ask us.<\/p><p>Virgin PTFE Teflon washers are one of the most useful components in modern industry, thanks to their exceptional properties and ability to withstand a wide range of extreme conditions. Virgin Teflon or PTFE is a type of polytetrafluoroethylene that is characterized by its high resistance to temperature, corrosion and friction. Because of these qualities, Virgin PTFE Teflon Plastic Washers are used in a variety of industrial applications, including the food, pharmaceutical, chemical, and petrochemical industries.<\/p>\t\t\t\t\t\t<\/div>\n\t\t\t\t<\/div>\n\t\t\t\t\t<\/div>\n\t\t<\/div>\n\t\t\t\t\t<\/div>\n\t\t<\/section>\n\t\t\t\t<section class=\"elementor-section elementor-top-section elementor-element elementor-element-484da116 elementor-section-boxed elementor-section-height-default elementor-section-height-default\" data-id=\"484da116\" data-element_type=\"section\">\n\t\t\t\t\t\t<div class=\"elementor-container elementor-column-gap-default\">\n\t\t\t\t\t<div class=\"elementor-column elementor-col-100 elementor-top-column elementor-element elementor-element-5f5ce881\" data-id=\"5f5ce881\" data-element_type=\"column\">\n\t\t\t<div class=\"elementor-widget-wrap elementor-element-populated\">\n\t\t\t\t\t\t<section class=\"elementor-section elementor-inner-section elementor-element elementor-element-30599f2e elementor-section-boxed elementor-section-height-default elementor-section-height-default\" data-id=\"30599f2e\" data-element_type=\"section\">\n\t\t\t\t\t\t<div class=\"elementor-container elementor-column-gap-wide\">\n\t\t\t\t\t<div class=\"elementor-column elementor-col-50 elementor-inner-column elementor-element elementor-element-428903b5\" data-id=\"428903b5\" data-element_type=\"column\">\n\t\t\t<div class=\"elementor-widget-wrap elementor-element-populated\">\n\t\t\t\t\t\t<div class=\"elementor-element elementor-element-3d3edca elementor-widget elementor-widget-heading\" data-id=\"3d3edca\" data-element_type=\"widget\" data-widget_type=\"heading.default\">\n\t\t\t\t<div class=\"elementor-widget-container\">\n\t\t\t<h4 class=\"elementor-heading-title elementor-size-medium\">Advantages of our PTFE plastic washers<\/h4>\t\t<\/div>\n\t\t\t\t<\/div>\n\t\t\t\t<div class=\"elementor-element elementor-element-22d4566 elementor-widget elementor-widget-text-editor\" data-id=\"22d4566\" data-element_type=\"widget\" data-widget_type=\"text-editor.default\">\n\t\t\t\t<div class=\"elementor-widget-container\">\n\t\t\t\t\t\t\t<p>One of the main advantages of virgin PTFE teflon washers is their resistance to corrosion, which makes them ideal for use in aggressive environments. Additionally, these washers are highly temperature resistant, allowing them to withstand extremes of heat and cold without warping or damage. They are also highly resistant to friction, which reduces wear and extends washer life.<\/p><p>When it comes to purchasing high quality virgin PTFE teflon washers, it is important to have a reliable and experienced supplier. At VARGORT we are specialists in the manufacture and distribution of virgin PTFE teflon washers and other products related to the industry. With years of experience in the market, VARGORT is recognized for its quality and professionalism, offering products of the highest quality and exceptional customer service.<\/p><p>In addition, VARGORT has a team of highly trained and specialized experts in the field of virgin PTFE Teflon products, which allows them to offer personalized advice and resolve any questions or problems that may arise during the washer selection and purchase process. made of teflon PTFE.<\/p>\t\t\t\t\t\t<\/div>\n\t\t\t\t<\/div>\n\t\t\t\t<div class=\"elementor-element elementor-element-ef2bd27 elementor-widget elementor-widget-heading\" data-id=\"ef2bd27\" data-element_type=\"widget\" data-widget_type=\"heading.default\">\n\t\t\t\t<div class=\"elementor-widget-container\">\n\t\t\t<h4 class=\"elementor-heading-title elementor-size-medium\">Specifications of our Teflon washers<\/h4>\t\t<\/div>\n\t\t\t\t<\/div>\n\t\t\t\t<div class=\"elementor-element elementor-element-acf5498 elementor-widget elementor-widget-eael-feature-list\" data-id=\"acf5498\" data-element_type=\"widget\" data-widget_type=\"eael-feature-list.default\">\n\t\t\t\t<div class=\"elementor-widget-container\">\n\t\t\t\t\t<div class=\"-icon-position-left -tablet-icon-position-left -mobile-icon-position-left\">\n\t\t\t<ul id=\"eael-feature-list-acf5498\" class=\"eael-feature-list-items square stacked  eael-feature-list-vertical\">\n\t\t\t                <li class=\"eael-feature-list-item elementor-repeater-item-a455524\">\n                    \n\t\t\t\t\t\t<div class=\"eael-feature-list-icon-box\">\n\t\t\t\t\t\t\t<div class=\"eael-feature-list-icon-inner\">\n\n\t\t\t\t\t\t\t\t<span class=\"eael-feature-list-icon fl-icon-0\">\n\n\t\t<i aria-hidden=\"true\" class=\"fas fa-check\"><\/i>\t\t\t\t\t\t\t\t<\/span>\n\t\t\t\t\t\t\t<\/div>\n\t\t\t\t\t\t<\/div>\n\t\t\t\t\t\t<div class=\"eael-feature-list-content-box\">\n                            <p class=\"eael-feature-list-title\">Standard colors<\/p>\t\t\t\t\t\t<p class=\"eael-feature-list-content\">Black, White and Gray<\/p>\n\t\t\t\t\t\t<\/div>\n\n\t\t\t\t\t<\/li>\n\t\t\t\t                <li class=\"eael-feature-list-item elementor-repeater-item-d1c35ba\">\n                    \n\t\t\t\t\t\t<div class=\"eael-feature-list-icon-box\">\n\t\t\t\t\t\t\t<div class=\"eael-feature-list-icon-inner\">\n\n\t\t\t\t\t\t\t\t<span class=\"eael-feature-list-icon fl-icon-1\">\n\n\t\t<i aria-hidden=\"true\" class=\"fas fa-check\"><\/i>\t\t\t\t\t\t\t\t<\/span>\n\t\t\t\t\t\t\t<\/div>\n\t\t\t\t\t\t<\/div>\n\t\t\t\t\t\t<div class=\"eael-feature-list-content-box\">\n                            <p class=\"eael-feature-list-title\">Hardness<\/p>\t\t\t\t\t\t<p class=\"eael-feature-list-content\">90\u00bashA<\/p>\n\t\t\t\t\t\t<\/div>\n\n\t\t\t\t\t<\/li>\n\t\t\t\t                <li class=\"eael-feature-list-item elementor-repeater-item-5369771\">\n                    \n\t\t\t\t\t\t<div class=\"eael-feature-list-icon-box\">\n\t\t\t\t\t\t\t<div class=\"eael-feature-list-icon-inner\">\n\n\t\t\t\t\t\t\t\t<span class=\"eael-feature-list-icon fl-icon-2\">\n\n\t\t<i aria-hidden=\"true\" class=\"fas fa-check\"><\/i>\t\t\t\t\t\t\t\t<\/span>\n\t\t\t\t\t\t\t<\/div>\n\t\t\t\t\t\t<\/div>\n\t\t\t\t\t\t<div class=\"eael-feature-list-content-box\">\n                            <p class=\"eael-feature-list-title\">Thickness<\/p>\t\t\t\t\t\t<p class=\"eael-feature-list-content\">From 1mm to 150mm<\/p>\n\t\t\t\t\t\t<\/div>\n\n\t\t\t\t\t<\/li>\n\t\t\t\t\t\t\t<\/ul>\n\t\t<\/div>\n\t\t\t\t<\/div>\n\t\t\t\t<\/div>\n\t\t\t\t\t<\/div>\n\t\t<\/div>\n\t\t\t\t<div class=\"elementor-column elementor-col-50 elementor-inner-column elementor-element elementor-element-665574d\" data-id=\"665574d\" data-element_type=\"column\">\n\t\t\t<div class=\"elementor-widget-wrap elementor-element-populated\">\n\t\t\t\t\t\t<div class=\"elementor-element elementor-element-bcdd0a9 elementor-widget elementor-widget-heading\" data-id=\"bcdd0a9\" data-element_type=\"widget\" data-widget_type=\"heading.default\">\n\t\t\t\t<div class=\"elementor-widget-container\">\n\t\t\t<h4 class=\"elementor-heading-title elementor-size-medium\">Applications and uses of cellular rubber washers<\/h4>\t\t<\/div>\n\t\t\t\t<\/div>\n\t\t\t\t<div class=\"elementor-element elementor-element-f718777 elementor-widget elementor-widget-heading\" data-id=\"f718777\" data-element_type=\"widget\" data-widget_type=\"heading.default\">\n\t\t\t\t<div class=\"elementor-widget-container\">\n\t\t\t<h5 class=\"elementor-heading-title elementor-size-medium\">Plastic washers for the food industry<\/h5>\t\t<\/div>\n\t\t\t\t<\/div>\n\t\t\t\t<div class=\"elementor-element elementor-element-1cf1a9f elementor-widget elementor-widget-text-editor\" data-id=\"1cf1a9f\" data-element_type=\"widget\" data-widget_type=\"text-editor.default\">\n\t\t\t\t<div class=\"elementor-widget-container\">\n\t\t\t\t\t\t\t<p>Virgin PTFE Teflon washers are used in food processing and packaging equipment. Because virgin PTFE Teflon is odorless, tasteless, and non-toxic, it is a safe and reliable choice for use in contact with food and beverages. It is also resistant to the absorption of liquids and fats, making it easy to clean and maintain in a sanitary condition.<\/p>\t\t\t\t\t\t<\/div>\n\t\t\t\t<\/div>\n\t\t\t\t<div class=\"elementor-element elementor-element-ced253f elementor-widget elementor-widget-heading\" data-id=\"ced253f\" data-element_type=\"widget\" data-widget_type=\"heading.default\">\n\t\t\t\t<div class=\"elementor-widget-container\">\n\t\t\t<h5 class=\"elementor-heading-title elementor-size-medium\">Plastic washers for the pharmaceutical industry <\/h5>\t\t<\/div>\n\t\t\t\t<\/div>\n\t\t\t\t<div class=\"elementor-element elementor-element-6802e20 elementor-widget elementor-widget-text-editor\" data-id=\"6802e20\" data-element_type=\"widget\" data-widget_type=\"text-editor.default\">\n\t\t\t\t<div class=\"elementor-widget-container\">\n\t\t\t\t\t\t\t<p>Virgin PTFE Teflon washers are used in drug production and packaging equipment. Virgin PTFE Teflon is an inert material that does not react with chemicals used in drug manufacturing, making it an ideal choice for pharmaceutical applications.<\/p>\t\t\t\t\t\t<\/div>\n\t\t\t\t<\/div>\n\t\t\t\t<div class=\"elementor-element elementor-element-5c8afe6 elementor-widget elementor-widget-heading\" data-id=\"5c8afe6\" data-element_type=\"widget\" data-widget_type=\"heading.default\">\n\t\t\t\t<div class=\"elementor-widget-container\">\n\t\t\t<h5 class=\"elementor-heading-title elementor-size-medium\">Plastic washers for the chemical and petrochemical industry<\/h5>\t\t<\/div>\n\t\t\t\t<\/div>\n\t\t\t\t<div class=\"elementor-element elementor-element-7e3d041 elementor-widget elementor-widget-text-editor\" data-id=\"7e3d041\" data-element_type=\"widget\" data-widget_type=\"text-editor.default\">\n\t\t\t\t<div class=\"elementor-widget-container\">\n\t\t\t\t\t\t\t<p>Virgin PTFE Teflon washers are used in a variety of applications such as valves, pipes, and pumps. Due to their resistance to corrosion and temperature, they are ideal for use in chemical and petrochemical processes.<\/p>\t\t\t\t\t\t<\/div>\n\t\t\t\t<\/div>\n\t\t\t\t\t<\/div>\n\t\t<\/div>\n\t\t\t\t\t<\/div>\n\t\t<\/section>\n\t\t\t\t\t<\/div>\n\t\t<\/div>\n\t\t\t\t\t<\/div>\n\t\t<\/section>\n\t\t\t\t<section class=\"elementor-section elementor-top-section elementor-element elementor-element-188f1d6c elementor-section-boxed elementor-section-height-default elementor-section-height-default\" data-id=\"188f1d6c\" data-element_type=\"section\">\n\t\t\t\t\t\t<div class=\"elementor-container elementor-column-gap-default\">\n\t\t\t\t\t<div class=\"elementor-column elementor-col-100 elementor-top-column elementor-element elementor-element-1cf38769\" data-id=\"1cf38769\" data-element_type=\"column\">\n\t\t\t<div class=\"elementor-widget-wrap\">\n\t\t\t\t\t\t\t<\/div>\n\t\t<\/div>\n\t\t\t\t\t<\/div>\n\t\t<\/section>\n\t\t\t\t<\/div>","protected":false},"excerpt":{"rendered":"<p>Arandelas de Pl\u00e1stico (Tefl\u00f3n) Inicio Pl\u00e1stico Tefl\u00f3n Fabricantes de arandelas de pl\u00e1stico PTFE (Tefl\u00f3n) Arandelas de tefl\u00f3n para industrias alimentaria, farmac\u00e9utica, qu\u00edmica y petroqu\u00edmica Las arandelas de tefl\u00f3n (PTFE) se fabrican a partir de planchas y siempre constan de di\u00e1metro exterior (A), di\u00e1metro interior (B) y espesor (C). Sobre las arandelas de tefl\u00f3n (PTFE) con [&hellip;]<\/p>","protected":false},"author":1,"featured_media":0,"parent":4611,"menu_order":0,"comment_status":"closed","ping_status":"closed","template":"elementor_header_footer","meta":{"footnotes":""},"class_list":["post-4739","page","type-page","status-publish","hentry"],"yoast_head":"<!-- This site is optimized with the Yoast SEO Premium plugin v19.4 (Yoast SEO v21.7) - https:\/\/yoast.com\/wordpress\/plugins\/seo\/ -->\n<title>Arandelas de Pl\u00e1stico Tefl\u00f3n - Juntas VARGORT<\/title>\n<meta name=\"robots\" content=\"index, follow, max-snippet:-1, max-image-preview:large, max-video-preview:-1\" \/>\n<link rel=\"canonical\" href=\"https:\/\/www.vargort.com\/en\/productos\/plastico-ptfe-teflon\/arandelas-de-plastico-teflon\/\" \/>\n<meta property=\"og:locale\" content=\"en_GB\" \/>\n<meta property=\"og:type\" content=\"article\" \/>\n<meta property=\"og:title\" content=\"Arandelas de Pl\u00e1stico Tefl\u00f3n\" \/>\n<meta property=\"og:description\" content=\"Arandelas de Pl\u00e1stico (Tefl\u00f3n) Inicio Pl\u00e1stico Tefl\u00f3n Fabricantes de arandelas de pl\u00e1stico PTFE (Tefl\u00f3n) Arandelas de tefl\u00f3n para industrias alimentaria, farmac\u00e9utica, qu\u00edmica y petroqu\u00edmica Las arandelas de tefl\u00f3n (PTFE) se fabrican a partir de planchas y siempre constan de di\u00e1metro exterior (A), di\u00e1metro interior (B) y espesor (C). Sobre las arandelas de tefl\u00f3n (PTFE) con [&hellip;]\" \/>\n<meta property=\"og:url\" content=\"https:\/\/www.vargort.com\/en\/productos\/plastico-ptfe-teflon\/arandelas-de-plastico-teflon\/\" \/>\n<meta property=\"og:site_name\" content=\"Juntas VARGORT\" \/>\n<meta property=\"article:modified_time\" content=\"2023-05-19T12:00:38+00:00\" \/>\n<meta property=\"og:image\" content=\"https:\/\/www.vargort.com\/wp-content\/uploads\/2023\/03\/Arandelas-de-plastico-PTFE-Teflon-Juntas-VARGORT.webp\" \/>\n<meta name=\"twitter:card\" content=\"summary_large_image\" \/>\n<meta name=\"twitter:label1\" content=\"Estimated reading time\" \/>\n\t<meta name=\"twitter:data1\" content=\"3 minutes\" \/>\n<script type=\"application\/ld+json\" class=\"yoast-schema-graph\">{\"@context\":\"https:\/\/schema.org\",\"@graph\":[{\"@type\":\"WebPage\",\"@id\":\"https:\/\/www.vargort.com\/productos\/plastico-ptfe-teflon\/arandelas-de-plastico-teflon\/\",\"url\":\"https:\/\/www.vargort.com\/productos\/plastico-ptfe-teflon\/arandelas-de-plastico-teflon\/\",\"name\":\"Arandelas de Pl\u00e1stico Tefl\u00f3n - Juntas VARGORT\",\"isPartOf\":{\"@id\":\"https:\/\/www.vargort.com\/#website\"},\"datePublished\":\"2023-03-13T07:43:30+00:00\",\"dateModified\":\"2023-05-19T12:00:38+00:00\",\"breadcrumb\":{\"@id\":\"https:\/\/www.vargort.com\/productos\/plastico-ptfe-teflon\/arandelas-de-plastico-teflon\/#breadcrumb\"},\"inLanguage\":\"en-GB\",\"potentialAction\":[{\"@type\":\"ReadAction\",\"target\":[\"https:\/\/www.vargort.com\/productos\/plastico-ptfe-teflon\/arandelas-de-plastico-teflon\/\"]}]},{\"@type\":\"BreadcrumbList\",\"@id\":\"https:\/\/www.vargort.com\/productos\/plastico-ptfe-teflon\/arandelas-de-plastico-teflon\/#breadcrumb\",\"itemListElement\":[{\"@type\":\"ListItem\",\"position\":1,\"name\":\"Portada\",\"item\":\"https:\/\/www.vargort.com\/\"},{\"@type\":\"ListItem\",\"position\":2,\"name\":\"Productos\",\"item\":\"https:\/\/www.vargort.com\/productos\/\"},{\"@type\":\"ListItem\",\"position\":3,\"name\":\"Pl\u00e1stico PTFE Tefl\u00f3n\",\"item\":\"https:\/\/www.vargort.com\/productos\/plastico-ptfe-teflon\/\"},{\"@type\":\"ListItem\",\"position\":4,\"name\":\"Arandelas de Pl\u00e1stico Tefl\u00f3n\"}]},{\"@type\":\"WebSite\",\"@id\":\"https:\/\/www.vargort.com\/#website\",\"url\":\"https:\/\/www.vargort.com\/\",\"name\":\"Juntas VARGORT\",\"description\":\"Fabricantes de juntas y perfiles de caucho y silicona\",\"potentialAction\":[{\"@type\":\"SearchAction\",\"target\":{\"@type\":\"EntryPoint\",\"urlTemplate\":\"https:\/\/www.vargort.com\/?s={search_term_string}\"},\"query-input\":\"required name=search_term_string\"}],\"inLanguage\":\"en-GB\"}]}<\/script>\n<!-- \/ Yoast SEO Premium plugin. -->","yoast_head_json":{"title":"Arandelas de Pl\u00e1stico Tefl\u00f3n - Juntas VARGORT","robots":{"index":"index","follow":"follow","max-snippet":"max-snippet:-1","max-image-preview":"max-image-preview:large","max-video-preview":"max-video-preview:-1"},"canonical":"https:\/\/www.vargort.com\/en\/productos\/plastico-ptfe-teflon\/arandelas-de-plastico-teflon\/","og_locale":"en_GB","og_type":"article","og_title":"Arandelas de Pl\u00e1stico Tefl\u00f3n","og_description":"Arandelas de Pl\u00e1stico (Tefl\u00f3n) Inicio Pl\u00e1stico Tefl\u00f3n Fabricantes de arandelas de pl\u00e1stico PTFE (Tefl\u00f3n) Arandelas de tefl\u00f3n para industrias alimentaria, farmac\u00e9utica, qu\u00edmica y petroqu\u00edmica Las arandelas de tefl\u00f3n (PTFE) se fabrican a partir de planchas y siempre constan de di\u00e1metro exterior (A), di\u00e1metro interior (B) y espesor (C). Sobre las arandelas de tefl\u00f3n (PTFE) con [&hellip;]","og_url":"https:\/\/www.vargort.com\/en\/productos\/plastico-ptfe-teflon\/arandelas-de-plastico-teflon\/","og_site_name":"Juntas VARGORT","article_modified_time":"2023-05-19T12:00:38+00:00","og_image":[{"url":"https:\/\/www.vargort.com\/wp-content\/uploads\/2023\/03\/Arandelas-de-plastico-PTFE-Teflon-Juntas-VARGORT.webp"}],"twitter_card":"summary_large_image","twitter_misc":{"Estimated reading time":"3 minutes"},"schema":{"@context":"https:\/\/schema.org","@graph":[{"@type":"WebPage","@id":"https:\/\/www.vargort.com\/productos\/plastico-ptfe-teflon\/arandelas-de-plastico-teflon\/","url":"https:\/\/www.vargort.com\/productos\/plastico-ptfe-teflon\/arandelas-de-plastico-teflon\/","name":"Arandelas de Pl\u00e1stico Tefl\u00f3n - Juntas VARGORT","isPartOf":{"@id":"https:\/\/www.vargort.com\/#website"},"datePublished":"2023-03-13T07:43:30+00:00","dateModified":"2023-05-19T12:00:38+00:00","breadcrumb":{"@id":"https:\/\/www.vargort.com\/productos\/plastico-ptfe-teflon\/arandelas-de-plastico-teflon\/#breadcrumb"},"inLanguage":"en-GB","potentialAction":[{"@type":"ReadAction","target":["https:\/\/www.vargort.com\/productos\/plastico-ptfe-teflon\/arandelas-de-plastico-teflon\/"]}]},{"@type":"BreadcrumbList","@id":"https:\/\/www.vargort.com\/productos\/plastico-ptfe-teflon\/arandelas-de-plastico-teflon\/#breadcrumb","itemListElement":[{"@type":"ListItem","position":1,"name":"Portada","item":"https:\/\/www.vargort.com\/"},{"@type":"ListItem","position":2,"name":"Productos","item":"https:\/\/www.vargort.com\/productos\/"},{"@type":"ListItem","position":3,"name":"Pl\u00e1stico PTFE Tefl\u00f3n","item":"https:\/\/www.vargort.com\/productos\/plastico-ptfe-teflon\/"},{"@type":"ListItem","position":4,"name":"Arandelas de Pl\u00e1stico Tefl\u00f3n"}]},{"@type":"WebSite","@id":"https:\/\/www.vargort.com\/#website","url":"https:\/\/www.vargort.com\/","name":"Juntas VARGORT","description":"Fabricantes de juntas y perfiles de caucho y silicona","potentialAction":[{"@type":"SearchAction","target":{"@type":"EntryPoint","urlTemplate":"https:\/\/www.vargort.com\/?s={search_term_string}"},"query-input":"required name=search_term_string"}],"inLanguage":"en-GB"}]}},"_links":{"self":[{"href":"https:\/\/www.vargort.com\/en\/wp-json\/wp\/v2\/pages\/4739","targetHints":{"allow":["GET"]}}],"collection":[{"href":"https:\/\/www.vargort.com\/en\/wp-json\/wp\/v2\/pages"}],"about":[{"href":"https:\/\/www.vargort.com\/en\/wp-json\/wp\/v2\/types\/page"}],"author":[{"embeddable":true,"href":"https:\/\/www.vargort.com\/en\/wp-json\/wp\/v2\/users\/1"}],"replies":[{"embeddable":true,"href":"https:\/\/www.vargort.com\/en\/wp-json\/wp\/v2\/comments?post=4739"}],"version-history":[{"count":17,"href":"https:\/\/www.vargort.com\/en\/wp-json\/wp\/v2\/pages\/4739\/revisions"}],"predecessor-version":[{"id":6783,"href":"https:\/\/www.vargort.com\/en\/wp-json\/wp\/v2\/pages\/4739\/revisions\/6783"}],"up":[{"embeddable":true,"href":"https:\/\/www.vargort.com\/en\/wp-json\/wp\/v2\/pages\/4611"}],"wp:attachment":[{"href":"https:\/\/www.vargort.com\/en\/wp-json\/wp\/v2\/media?parent=4739"}],"curies":[{"name":"wp","href":"https:\/\/api.w.org\/{rel}","templated":true}]}}