{"id":4817,"date":"2023-03-13T10:56:32","date_gmt":"2023-03-13T09:56:32","guid":{"rendered":"https:\/\/www.vargort.com\/?page_id=4817"},"modified":"2023-03-16T11:04:08","modified_gmt":"2023-03-16T10:04:08","slug":"juntas-planas-de-carton-comprimido","status":"publish","type":"page","link":"https:\/\/www.vargort.com\/en\/productos\/carton-comprimido\/juntas-planas-de-carton-comprimido\/","title":{"rendered":"Compressed cardboard flat gaskets"},"content":{"rendered":"<div data-elementor-type=\"wp-page\" data-elementor-id=\"4817\" class=\"elementor elementor-4817\">\n\t\t\t\t\t\t<section class=\"elementor-section elementor-top-section elementor-element elementor-element-1e3d1e89 elementor-section-boxed elementor-section-height-default elementor-section-height-default\" data-id=\"1e3d1e89\" data-element_type=\"section\" data-settings=\"{&quot;background_background&quot;:&quot;classic&quot;}\">\n\t\t\t\t\t\t\t<div class=\"elementor-background-overlay\"><\/div>\n\t\t\t\t\t\t\t<div class=\"elementor-container elementor-column-gap-default\">\n\t\t\t\t\t<div class=\"elementor-column elementor-col-100 elementor-top-column elementor-element elementor-element-753d24fb\" data-id=\"753d24fb\" data-element_type=\"column\">\n\t\t\t<div class=\"elementor-widget-wrap elementor-element-populated\">\n\t\t\t\t\t\t<div class=\"elementor-element elementor-element-7bb93a1b elementor-widget elementor-widget-heading\" data-id=\"7bb93a1b\" data-element_type=\"widget\" data-widget_type=\"heading.default\">\n\t\t\t\t<div class=\"elementor-widget-container\">\n\t\t\t<h2 class=\"elementor-heading-title elementor-size-default\">Compressed cardboard flat gaskets<\/h2>\t\t<\/div>\n\t\t\t\t<\/div>\n\t\t\t\t<div class=\"elementor-element elementor-element-14b36c3a elementor-icon-list--layout-inline elementor-align-center elementor-list-item-link-full_width elementor-widget elementor-widget-icon-list\" data-id=\"14b36c3a\" data-element_type=\"widget\" data-widget_type=\"icon-list.default\">\n\t\t\t\t<div class=\"elementor-widget-container\">\n\t\t\t\t\t<ul class=\"elementor-icon-list-items elementor-inline-items\">\n\t\t\t\t\t\t\t<li class=\"elementor-icon-list-item elementor-inline-item\">\n\t\t\t\t\t\t\t\t\t\t\t<a href=\"https:\/\/www.vargort.com\/en\/\">\n\n\t\t\t\t\t\t\t\t\t\t\t<span class=\"elementor-icon-list-text\">Home<\/span>\n\t\t\t\t\t\t\t\t\t\t\t<\/a>\n\t\t\t\t\t\t\t\t\t<\/li>\n\t\t\t\t\t\t\t\t<li class=\"elementor-icon-list-item elementor-inline-item\">\n\t\t\t\t\t\t\t\t\t\t\t<a href=\"https:\/\/www.vargort.com\/en\/productos\/carton-comprimido\/\">\n\n\t\t\t\t\t\t\t\t\t\t\t\t<span class=\"elementor-icon-list-icon\">\n\t\t\t\t\t\t\t<i aria-hidden=\"true\" class=\"fas fa-chevron-right\"><\/i>\t\t\t\t\t\t<\/span>\n\t\t\t\t\t\t\t\t\t\t<span class=\"elementor-icon-list-text\">Compressed cardboard<\/span>\n\t\t\t\t\t\t\t\t\t\t\t<\/a>\n\t\t\t\t\t\t\t\t\t<\/li>\n\t\t\t\t\t\t<\/ul>\n\t\t\t\t<\/div>\n\t\t\t\t<\/div>\n\t\t\t\t\t<\/div>\n\t\t<\/div>\n\t\t\t\t\t<\/div>\n\t\t<\/section>\n\t\t\t\t<section class=\"elementor-section elementor-top-section elementor-element elementor-element-2e223413 elementor-section-boxed elementor-section-height-default elementor-section-height-default\" data-id=\"2e223413\" data-element_type=\"section\">\n\t\t\t\t\t\t<div class=\"elementor-container elementor-column-gap-default\">\n\t\t\t\t\t<div class=\"elementor-column elementor-col-50 elementor-top-column elementor-element elementor-element-69a97c48\" data-id=\"69a97c48\" data-element_type=\"column\">\n\t\t\t<div class=\"elementor-widget-wrap elementor-element-populated\">\n\t\t\t\t\t\t<div class=\"elementor-element elementor-element-6c4a9b3d elementor-widget elementor-widget-image\" data-id=\"6c4a9b3d\" data-element_type=\"widget\" data-widget_type=\"image.default\">\n\t\t\t\t<div class=\"elementor-widget-container\">\n\t\t\t\t\t\t\t\t\t\t\t\t\t<img fetchpriority=\"high\" decoding=\"async\" width=\"500\" height=\"500\" src=\"https:\/\/www.vargort.com\/wp-content\/uploads\/2023\/03\/Juntas-planas-de-carton-comprimido-Juntas-VARGORT.webp\" class=\"attachment-full size-full wp-image-5370\" alt=\"\" srcset=\"https:\/\/www.vargort.com\/wp-content\/uploads\/2023\/03\/Juntas-planas-de-carton-comprimido-Juntas-VARGORT.webp 500w, https:\/\/www.vargort.com\/wp-content\/uploads\/2023\/03\/Juntas-planas-de-carton-comprimido-Juntas-VARGORT-100x100.webp 100w, https:\/\/www.vargort.com\/wp-content\/uploads\/2023\/03\/Juntas-planas-de-carton-comprimido-Juntas-VARGORT-300x300.webp 300w, https:\/\/www.vargort.com\/wp-content\/uploads\/2023\/03\/Juntas-planas-de-carton-comprimido-Juntas-VARGORT-150x150.webp 150w, https:\/\/www.vargort.com\/wp-content\/uploads\/2023\/03\/Juntas-planas-de-carton-comprimido-Juntas-VARGORT-12x12.webp 12w\" sizes=\"(max-width: 500px) 100vw, 500px\" \/>\t\t\t\t\t\t\t\t\t\t\t\t\t<\/div>\n\t\t\t\t<\/div>\n\t\t\t\t\t<\/div>\n\t\t<\/div>\n\t\t\t\t<div class=\"elementor-column elementor-col-50 elementor-top-column elementor-element elementor-element-19361f2a\" data-id=\"19361f2a\" data-element_type=\"column\">\n\t\t\t<div class=\"elementor-widget-wrap elementor-element-populated\">\n\t\t\t\t\t\t<div class=\"elementor-element elementor-element-50f5fd2d elementor-widget elementor-widget-heading\" data-id=\"50f5fd2d\" data-element_type=\"widget\" data-widget_type=\"heading.default\">\n\t\t\t\t<div class=\"elementor-widget-container\">\n\t\t\t<h3 class=\"elementor-heading-title elementor-size-default\">Manufacturers of compressed cardboard gaskets<\/h3>\t\t<\/div>\n\t\t\t\t<\/div>\n\t\t\t\t<div class=\"elementor-element elementor-element-1ee1bec elementor-widget elementor-widget-heading\" data-id=\"1ee1bec\" data-element_type=\"widget\" data-widget_type=\"heading.default\">\n\t\t\t\t<div class=\"elementor-widget-container\">\n\t\t\t<h4 class=\"elementor-heading-title elementor-size-medium\">Compressed cardboard gaskets for pipes, motors, chemicals, heat exchangers and refrigeration equipment<\/h4>\t\t<\/div>\n\t\t\t\t<\/div>\n\t\t\t\t<div class=\"elementor-element elementor-element-30193ac9 elementor-widget elementor-widget-text-editor\" data-id=\"30193ac9\" data-element_type=\"widget\" data-widget_type=\"text-editor.default\">\n\t\t\t\t<div class=\"elementor-widget-container\">\n\t\t\t\t\t\t\t<p>Compressed cardboard industrial flat gaskets are key elements in the industrial sector, as they are used to ensure tightness between two surfaces in contact, avoiding fluid and gas leaks that may compromise the safety or proper functioning of the facilities.<\/p><p>Compressed cardboard gaskets are presented in the form of sheets or discs, with different thicknesses and sizes according to the needs of each application. Its design can include metallic reinforcements to increase its resistance and durability.<\/p>\t\t\t\t\t\t<\/div>\n\t\t\t\t<\/div>\n\t\t\t\t\t<\/div>\n\t\t<\/div>\n\t\t\t\t\t<\/div>\n\t\t<\/section>\n\t\t\t\t<section class=\"elementor-section elementor-top-section elementor-element elementor-element-484da116 elementor-section-boxed elementor-section-height-default elementor-section-height-default\" data-id=\"484da116\" data-element_type=\"section\">\n\t\t\t\t\t\t<div class=\"elementor-container elementor-column-gap-default\">\n\t\t\t\t\t<div class=\"elementor-column elementor-col-100 elementor-top-column elementor-element elementor-element-5f5ce881\" data-id=\"5f5ce881\" data-element_type=\"column\">\n\t\t\t<div class=\"elementor-widget-wrap elementor-element-populated\">\n\t\t\t\t\t\t<section class=\"elementor-section elementor-inner-section elementor-element elementor-element-30599f2e elementor-section-boxed elementor-section-height-default elementor-section-height-default\" data-id=\"30599f2e\" data-element_type=\"section\">\n\t\t\t\t\t\t<div class=\"elementor-container elementor-column-gap-wide\">\n\t\t\t\t\t<div class=\"elementor-column elementor-col-50 elementor-inner-column elementor-element elementor-element-665574d\" data-id=\"665574d\" data-element_type=\"column\">\n\t\t\t<div class=\"elementor-widget-wrap elementor-element-populated\">\n\t\t\t\t\t\t<div class=\"elementor-element elementor-element-bcdd0a9 elementor-widget elementor-widget-heading\" data-id=\"bcdd0a9\" data-element_type=\"widget\" data-widget_type=\"heading.default\">\n\t\t\t\t<div class=\"elementor-widget-container\">\n\t\t\t<h4 class=\"elementor-heading-title elementor-size-medium\">Advantages of compressed cardboard flat gaskets<\/h4>\t\t<\/div>\n\t\t\t\t<\/div>\n\t\t\t\t<div class=\"elementor-element elementor-element-1cf1a9f elementor-widget elementor-widget-text-editor\" data-id=\"1cf1a9f\" data-element_type=\"widget\" data-widget_type=\"text-editor.default\">\n\t\t\t\t<div class=\"elementor-widget-container\">\n\t\t\t\t\t\t\t<p>Among the advantages offered by flat compressed cardboard gaskets, the following stand out:<\/p>\t\t\t\t\t\t<\/div>\n\t\t\t\t<\/div>\n\t\t\t\t<div class=\"elementor-element elementor-element-1659d55 elementor-icon-list--layout-traditional elementor-list-item-link-full_width elementor-widget elementor-widget-icon-list\" data-id=\"1659d55\" data-element_type=\"widget\" data-widget_type=\"icon-list.default\">\n\t\t\t\t<div class=\"elementor-widget-container\">\n\t\t\t\t\t<ul class=\"elementor-icon-list-items\">\n\t\t\t\t\t\t\t<li class=\"elementor-icon-list-item\">\n\t\t\t\t\t\t\t\t\t\t\t<span class=\"elementor-icon-list-icon\">\n\t\t\t\t\t\t\t<i aria-hidden=\"true\" class=\"icon icon-checkmark\"><\/i>\t\t\t\t\t\t<\/span>\n\t\t\t\t\t\t\t\t\t\t<span class=\"elementor-icon-list-text\">Good compression resistance: Compressed cardboard is able to withstand high pressures without deformation or damage.<\/span>\n\t\t\t\t\t\t\t\t\t<\/li>\n\t\t\t\t\t\t\t\t<li class=\"elementor-icon-list-item\">\n\t\t\t\t\t\t\t\t\t\t\t<span class=\"elementor-icon-list-icon\">\n\t\t\t\t\t\t\t<i aria-hidden=\"true\" class=\"icon icon-checkmark\"><\/i>\t\t\t\t\t\t<\/span>\n\t\t\t\t\t\t\t\t\t\t<span class=\"elementor-icon-list-text\">Excellent sealing: thanks to its ability to adapt to surface irregularities, compressed cardboard flat gaskets guarantee a hermetic and long-lasting seal.<\/span>\n\t\t\t\t\t\t\t\t\t<\/li>\n\t\t\t\t\t\t\t\t<li class=\"elementor-icon-list-item\">\n\t\t\t\t\t\t\t\t\t\t\t<span class=\"elementor-icon-list-icon\">\n\t\t\t\t\t\t\t<i aria-hidden=\"true\" class=\"icon icon-checkmark\"><\/i>\t\t\t\t\t\t<\/span>\n\t\t\t\t\t\t\t\t\t\t<span class=\"elementor-icon-list-text\">Wide temperature range: compressed cardboard flat gaskets can be used in a wide temperature range, from -200\u00baC to 400\u00baC (according to the different qualities), which makes them suitable for applications in extreme conditions.<\/span>\n\t\t\t\t\t\t\t\t\t<\/li>\n\t\t\t\t\t\t\t\t<li class=\"elementor-icon-list-item\">\n\t\t\t\t\t\t\t\t\t\t\t<span class=\"elementor-icon-list-icon\">\n\t\t\t\t\t\t\t<i aria-hidden=\"true\" class=\"icon icon-checkmark\"><\/i>\t\t\t\t\t\t<\/span>\n\t\t\t\t\t\t\t\t\t\t<span class=\"elementor-icon-list-text\">Chemical resistance: depending on the composition and thickness of the compressed cardboard used, compressed cardboard flat gaskets can resist the action of different chemical products, such as acids, bases, hydrocarbons, etc.<\/span>\n\t\t\t\t\t\t\t\t\t<\/li>\n\t\t\t\t\t\t\t\t<li class=\"elementor-icon-list-item\">\n\t\t\t\t\t\t\t\t\t\t\t<span class=\"elementor-icon-list-icon\">\n\t\t\t\t\t\t\t<i aria-hidden=\"true\" class=\"icon icon-checkmark\"><\/i>\t\t\t\t\t\t<\/span>\n\t\t\t\t\t\t\t\t\t\t<span class=\"elementor-icon-list-text\">Economical: Compressed cardboard is an inexpensive and readily available material, making compressed cardboard flat gaskets an economical solution for multiple applications.<\/span>\n\t\t\t\t\t\t\t\t\t<\/li>\n\t\t\t\t\t\t<\/ul>\n\t\t\t\t<\/div>\n\t\t\t\t<\/div>\n\t\t\t\t\t<\/div>\n\t\t<\/div>\n\t\t\t\t<div class=\"elementor-column elementor-col-50 elementor-inner-column elementor-element elementor-element-95bd4a4\" data-id=\"95bd4a4\" data-element_type=\"column\">\n\t\t\t<div class=\"elementor-widget-wrap elementor-element-populated\">\n\t\t\t\t\t\t<div class=\"elementor-element elementor-element-c6448a4 elementor-widget elementor-widget-heading\" data-id=\"c6448a4\" data-element_type=\"widget\" data-widget_type=\"heading.default\">\n\t\t\t\t<div class=\"elementor-widget-container\">\n\t\t\t<h4 class=\"elementor-heading-title elementor-size-medium\">Applications of compressed cardboard flat gaskets<\/h4>\t\t<\/div>\n\t\t\t\t<\/div>\n\t\t\t\t<div class=\"elementor-element elementor-element-141cfe8 elementor-widget elementor-widget-text-editor\" data-id=\"141cfe8\" data-element_type=\"widget\" data-widget_type=\"text-editor.default\">\n\t\t\t\t<div class=\"elementor-widget-container\">\n\t\t\t\t\t\t\t<p>Compressed cardboard flat gaskets are used for various applications:<\/p>\t\t\t\t\t\t<\/div>\n\t\t\t\t<\/div>\n\t\t\t\t<div class=\"elementor-element elementor-element-3b8defd elementor-icon-list--layout-traditional elementor-list-item-link-full_width elementor-widget elementor-widget-icon-list\" data-id=\"3b8defd\" data-element_type=\"widget\" data-widget_type=\"icon-list.default\">\n\t\t\t\t<div class=\"elementor-widget-container\">\n\t\t\t\t\t<ul class=\"elementor-icon-list-items\">\n\t\t\t\t\t\t\t<li class=\"elementor-icon-list-item\">\n\t\t\t\t\t\t\t\t\t\t\t<span class=\"elementor-icon-list-icon\">\n\t\t\t\t\t\t\t<i aria-hidden=\"true\" class=\"icon icon-checkmark\"><\/i>\t\t\t\t\t\t<\/span>\n\t\t\t\t\t\t\t\t\t\t<span class=\"elementor-icon-list-text\">In piping systems to prevent liquid and gas leaks.<\/span>\n\t\t\t\t\t\t\t\t\t<\/li>\n\t\t\t\t\t\t\t\t<li class=\"elementor-icon-list-item\">\n\t\t\t\t\t\t\t\t\t\t\t<span class=\"elementor-icon-list-icon\">\n\t\t\t\t\t\t\t<i aria-hidden=\"true\" class=\"icon icon-checkmark\"><\/i>\t\t\t\t\t\t<\/span>\n\t\t\t\t\t\t\t\t\t\t<span class=\"elementor-icon-list-text\">In engines and internal combustion equipment to ensure tightness between the different parts.<\/span>\n\t\t\t\t\t\t\t\t\t<\/li>\n\t\t\t\t\t\t\t\t<li class=\"elementor-icon-list-item\">\n\t\t\t\t\t\t\t\t\t\t\t<span class=\"elementor-icon-list-icon\">\n\t\t\t\t\t\t\t<i aria-hidden=\"true\" class=\"icon icon-checkmark\"><\/i>\t\t\t\t\t\t<\/span>\n\t\t\t\t\t\t\t\t\t\t<span class=\"elementor-icon-list-text\">In heat exchangers and refrigeration equipment to prevent refrigerant leaks<\/span>\n\t\t\t\t\t\t\t\t\t<\/li>\n\t\t\t\t\t\t\t\t<li class=\"elementor-icon-list-item\">\n\t\t\t\t\t\t\t\t\t\t\t<span class=\"elementor-icon-list-icon\">\n\t\t\t\t\t\t\t<i aria-hidden=\"true\" class=\"icon icon-checkmark\"><\/i>\t\t\t\t\t\t<\/span>\n\t\t\t\t\t\t\t\t\t\t<span class=\"elementor-icon-list-text\">In chemical product transport systems to avoid contamination and product losses.<\/span>\n\t\t\t\t\t\t\t\t\t<\/li>\n\t\t\t\t\t\t<\/ul>\n\t\t\t\t<\/div>\n\t\t\t\t<\/div>\n\t\t\t\t\t<\/div>\n\t\t<\/div>\n\t\t\t\t\t<\/div>\n\t\t<\/section>\n\t\t\t\t\t<\/div>\n\t\t<\/div>\n\t\t\t\t\t<\/div>\n\t\t<\/section>\n\t\t\t\t<section class=\"elementor-section elementor-top-section elementor-element elementor-element-188f1d6c elementor-section-boxed elementor-section-height-default elementor-section-height-default\" data-id=\"188f1d6c\" data-element_type=\"section\">\n\t\t\t\t\t\t<div class=\"elementor-container elementor-column-gap-default\">\n\t\t\t\t\t<div class=\"elementor-column elementor-col-100 elementor-top-column elementor-element elementor-element-1cf38769\" data-id=\"1cf38769\" data-element_type=\"column\">\n\t\t\t<div class=\"elementor-widget-wrap\">\n\t\t\t\t\t\t\t<\/div>\n\t\t<\/div>\n\t\t\t\t\t<\/div>\n\t\t<\/section>\n\t\t\t\t<\/div>","protected":false},"excerpt":{"rendered":"<p>Juntas planas de cart\u00f3n comprimido Inicio Cart\u00f3n Comprimido Fabricantes de juntas de cart\u00f3n comprimido Juntas de cart\u00f3n comprimido para tuber\u00edas, motores, productos qu\u00edmicos, intercambiadores de calor y equipos de refrigeraci\u00f3n Las juntas planas industriales de carton comprimido son elementos clave en el sector industrial, ya que se utilizan para asegurar la estanqueidad entre dos superficies [&hellip;]<\/p>","protected":false},"author":1,"featured_media":0,"parent":4800,"menu_order":0,"comment_status":"closed","ping_status":"closed","template":"elementor_header_footer","meta":{"footnotes":""},"class_list":["post-4817","page","type-page","status-publish","hentry"],"yoast_head":"<!-- This site is optimized with the Yoast SEO Premium plugin v19.4 (Yoast SEO v21.7) - https:\/\/yoast.com\/wordpress\/plugins\/seo\/ -->\n<title>Juntas planas de cart\u00f3n comprimido - Juntas VARGORT<\/title>\n<meta name=\"description\" content=\"Fabricantes y proveedores de juntas planas industriales de cart\u00f3n comprimido. Juntas planas para paneles de cart\u00f3n comprimido para carrocer\u00eda\" \/>\n<meta name=\"robots\" content=\"index, follow, max-snippet:-1, max-image-preview:large, max-video-preview:-1\" \/>\n<link rel=\"canonical\" href=\"https:\/\/www.vargort.com\/en\/productos\/carton-comprimido\/juntas-planas-de-carton-comprimido\/\" \/>\n<meta property=\"og:locale\" content=\"en_GB\" \/>\n<meta property=\"og:type\" content=\"article\" \/>\n<meta property=\"og:title\" content=\"Juntas planas de cart\u00f3n comprimido\" \/>\n<meta property=\"og:description\" content=\"Fabricantes y proveedores de juntas planas industriales de cart\u00f3n comprimido. Juntas planas para paneles de cart\u00f3n comprimido para carrocer\u00eda\" \/>\n<meta property=\"og:url\" content=\"https:\/\/www.vargort.com\/en\/productos\/carton-comprimido\/juntas-planas-de-carton-comprimido\/\" \/>\n<meta property=\"og:site_name\" content=\"Juntas VARGORT\" \/>\n<meta property=\"article:modified_time\" content=\"2023-03-16T10:04:08+00:00\" \/>\n<meta property=\"og:image\" content=\"https:\/\/www.vargort.com\/wp-content\/uploads\/2023\/03\/Juntas-planas-de-carton-comprimido-Juntas-VARGORT.webp\" \/>\n<meta name=\"twitter:card\" content=\"summary_large_image\" \/>\n<meta name=\"twitter:label1\" content=\"Estimated reading time\" \/>\n\t<meta name=\"twitter:data1\" content=\"2 minutes\" \/>\n<script type=\"application\/ld+json\" class=\"yoast-schema-graph\">{\"@context\":\"https:\/\/schema.org\",\"@graph\":[{\"@type\":\"WebPage\",\"@id\":\"https:\/\/www.vargort.com\/productos\/carton-comprimido\/juntas-planas-de-carton-comprimido\/\",\"url\":\"https:\/\/www.vargort.com\/productos\/carton-comprimido\/juntas-planas-de-carton-comprimido\/\",\"name\":\"Juntas planas de cart\u00f3n comprimido - Juntas VARGORT\",\"isPartOf\":{\"@id\":\"https:\/\/www.vargort.com\/#website\"},\"datePublished\":\"2023-03-13T09:56:32+00:00\",\"dateModified\":\"2023-03-16T10:04:08+00:00\",\"description\":\"Fabricantes y proveedores de juntas planas industriales de cart\u00f3n comprimido. Juntas planas para paneles de cart\u00f3n comprimido para carrocer\u00eda\",\"breadcrumb\":{\"@id\":\"https:\/\/www.vargort.com\/productos\/carton-comprimido\/juntas-planas-de-carton-comprimido\/#breadcrumb\"},\"inLanguage\":\"en-GB\",\"potentialAction\":[{\"@type\":\"ReadAction\",\"target\":[\"https:\/\/www.vargort.com\/productos\/carton-comprimido\/juntas-planas-de-carton-comprimido\/\"]}]},{\"@type\":\"BreadcrumbList\",\"@id\":\"https:\/\/www.vargort.com\/productos\/carton-comprimido\/juntas-planas-de-carton-comprimido\/#breadcrumb\",\"itemListElement\":[{\"@type\":\"ListItem\",\"position\":1,\"name\":\"Portada\",\"item\":\"https:\/\/www.vargort.com\/\"},{\"@type\":\"ListItem\",\"position\":2,\"name\":\"Productos\",\"item\":\"https:\/\/www.vargort.com\/productos\/\"},{\"@type\":\"ListItem\",\"position\":3,\"name\":\"Cart\u00f3n Comprimido\",\"item\":\"https:\/\/www.vargort.com\/productos\/carton-comprimido\/\"},{\"@type\":\"ListItem\",\"position\":4,\"name\":\"Juntas planas de cart\u00f3n comprimido\"}]},{\"@type\":\"WebSite\",\"@id\":\"https:\/\/www.vargort.com\/#website\",\"url\":\"https:\/\/www.vargort.com\/\",\"name\":\"Juntas VARGORT\",\"description\":\"Fabricantes de juntas y perfiles de caucho y silicona\",\"potentialAction\":[{\"@type\":\"SearchAction\",\"target\":{\"@type\":\"EntryPoint\",\"urlTemplate\":\"https:\/\/www.vargort.com\/?s={search_term_string}\"},\"query-input\":\"required name=search_term_string\"}],\"inLanguage\":\"en-GB\"}]}<\/script>\n<!-- \/ Yoast SEO Premium plugin. -->","yoast_head_json":{"title":"Juntas planas de cart\u00f3n comprimido - Juntas VARGORT","description":"Fabricantes y proveedores de juntas planas industriales de cart\u00f3n comprimido. Juntas planas para paneles de cart\u00f3n comprimido para carrocer\u00eda","robots":{"index":"index","follow":"follow","max-snippet":"max-snippet:-1","max-image-preview":"max-image-preview:large","max-video-preview":"max-video-preview:-1"},"canonical":"https:\/\/www.vargort.com\/en\/productos\/carton-comprimido\/juntas-planas-de-carton-comprimido\/","og_locale":"en_GB","og_type":"article","og_title":"Juntas planas de cart\u00f3n comprimido","og_description":"Fabricantes y proveedores de juntas planas industriales de cart\u00f3n comprimido. Juntas planas para paneles de cart\u00f3n comprimido para carrocer\u00eda","og_url":"https:\/\/www.vargort.com\/en\/productos\/carton-comprimido\/juntas-planas-de-carton-comprimido\/","og_site_name":"Juntas VARGORT","article_modified_time":"2023-03-16T10:04:08+00:00","og_image":[{"url":"https:\/\/www.vargort.com\/wp-content\/uploads\/2023\/03\/Juntas-planas-de-carton-comprimido-Juntas-VARGORT.webp"}],"twitter_card":"summary_large_image","twitter_misc":{"Estimated reading time":"2 minutes"},"schema":{"@context":"https:\/\/schema.org","@graph":[{"@type":"WebPage","@id":"https:\/\/www.vargort.com\/productos\/carton-comprimido\/juntas-planas-de-carton-comprimido\/","url":"https:\/\/www.vargort.com\/productos\/carton-comprimido\/juntas-planas-de-carton-comprimido\/","name":"Juntas planas de cart\u00f3n comprimido - Juntas VARGORT","isPartOf":{"@id":"https:\/\/www.vargort.com\/#website"},"datePublished":"2023-03-13T09:56:32+00:00","dateModified":"2023-03-16T10:04:08+00:00","description":"Fabricantes y proveedores de juntas planas industriales de cart\u00f3n comprimido. Juntas planas para paneles de cart\u00f3n comprimido para carrocer\u00eda","breadcrumb":{"@id":"https:\/\/www.vargort.com\/productos\/carton-comprimido\/juntas-planas-de-carton-comprimido\/#breadcrumb"},"inLanguage":"en-GB","potentialAction":[{"@type":"ReadAction","target":["https:\/\/www.vargort.com\/productos\/carton-comprimido\/juntas-planas-de-carton-comprimido\/"]}]},{"@type":"BreadcrumbList","@id":"https:\/\/www.vargort.com\/productos\/carton-comprimido\/juntas-planas-de-carton-comprimido\/#breadcrumb","itemListElement":[{"@type":"ListItem","position":1,"name":"Portada","item":"https:\/\/www.vargort.com\/"},{"@type":"ListItem","position":2,"name":"Productos","item":"https:\/\/www.vargort.com\/productos\/"},{"@type":"ListItem","position":3,"name":"Cart\u00f3n Comprimido","item":"https:\/\/www.vargort.com\/productos\/carton-comprimido\/"},{"@type":"ListItem","position":4,"name":"Juntas planas de cart\u00f3n comprimido"}]},{"@type":"WebSite","@id":"https:\/\/www.vargort.com\/#website","url":"https:\/\/www.vargort.com\/","name":"Juntas VARGORT","description":"Fabricantes de juntas y perfiles de caucho y silicona","potentialAction":[{"@type":"SearchAction","target":{"@type":"EntryPoint","urlTemplate":"https:\/\/www.vargort.com\/?s={search_term_string}"},"query-input":"required name=search_term_string"}],"inLanguage":"en-GB"}]}},"_links":{"self":[{"href":"https:\/\/www.vargort.com\/en\/wp-json\/wp\/v2\/pages\/4817","targetHints":{"allow":["GET"]}}],"collection":[{"href":"https:\/\/www.vargort.com\/en\/wp-json\/wp\/v2\/pages"}],"about":[{"href":"https:\/\/www.vargort.com\/en\/wp-json\/wp\/v2\/types\/page"}],"author":[{"embeddable":true,"href":"https:\/\/www.vargort.com\/en\/wp-json\/wp\/v2\/users\/1"}],"replies":[{"embeddable":true,"href":"https:\/\/www.vargort.com\/en\/wp-json\/wp\/v2\/comments?post=4817"}],"version-history":[{"count":20,"href":"https:\/\/www.vargort.com\/en\/wp-json\/wp\/v2\/pages\/4817\/revisions"}],"predecessor-version":[{"id":5376,"href":"https:\/\/www.vargort.com\/en\/wp-json\/wp\/v2\/pages\/4817\/revisions\/5376"}],"up":[{"embeddable":true,"href":"https:\/\/www.vargort.com\/en\/wp-json\/wp\/v2\/pages\/4800"}],"wp:attachment":[{"href":"https:\/\/www.vargort.com\/en\/wp-json\/wp\/v2\/media?parent=4817"}],"curies":[{"name":"wp","href":"https:\/\/api.w.org\/{rel}","templated":true}]}}