{"id":4842,"date":"2023-03-13T11:16:28","date_gmt":"2023-03-13T10:16:28","guid":{"rendered":"https:\/\/www.vargort.com\/?page_id=4842"},"modified":"2023-03-16T10:58:30","modified_gmt":"2023-03-16T09:58:30","slug":"planchas-de-carton-comprimido","status":"publish","type":"page","link":"https:\/\/www.vargort.com\/en\/productos\/carton-comprimido\/planchas-de-carton-comprimido\/","title":{"rendered":"Compressed cardboard sheets"},"content":{"rendered":"<div data-elementor-type=\"wp-page\" data-elementor-id=\"4842\" class=\"elementor elementor-4842\">\n\t\t\t\t\t\t<section class=\"elementor-section elementor-top-section elementor-element elementor-element-1e3d1e89 elementor-section-boxed elementor-section-height-default elementor-section-height-default\" data-id=\"1e3d1e89\" data-element_type=\"section\" data-settings=\"{&quot;background_background&quot;:&quot;classic&quot;}\">\n\t\t\t\t\t\t\t<div class=\"elementor-background-overlay\"><\/div>\n\t\t\t\t\t\t\t<div class=\"elementor-container elementor-column-gap-default\">\n\t\t\t\t\t<div class=\"elementor-column elementor-col-100 elementor-top-column elementor-element elementor-element-753d24fb\" data-id=\"753d24fb\" data-element_type=\"column\">\n\t\t\t<div class=\"elementor-widget-wrap elementor-element-populated\">\n\t\t\t\t\t\t<div class=\"elementor-element elementor-element-7bb93a1b elementor-widget elementor-widget-heading\" data-id=\"7bb93a1b\" data-element_type=\"widget\" data-widget_type=\"heading.default\">\n\t\t\t\t<div class=\"elementor-widget-container\">\n\t\t\t<h2 class=\"elementor-heading-title elementor-size-default\">Compressed cardboard sheets<\/h2>\t\t<\/div>\n\t\t\t\t<\/div>\n\t\t\t\t<div class=\"elementor-element elementor-element-14b36c3a elementor-icon-list--layout-inline elementor-align-center elementor-list-item-link-full_width elementor-widget elementor-widget-icon-list\" data-id=\"14b36c3a\" data-element_type=\"widget\" data-widget_type=\"icon-list.default\">\n\t\t\t\t<div class=\"elementor-widget-container\">\n\t\t\t\t\t<ul class=\"elementor-icon-list-items elementor-inline-items\">\n\t\t\t\t\t\t\t<li class=\"elementor-icon-list-item elementor-inline-item\">\n\t\t\t\t\t\t\t\t\t\t\t<a href=\"https:\/\/www.vargort.com\/en\/\">\n\n\t\t\t\t\t\t\t\t\t\t\t<span class=\"elementor-icon-list-text\">Home<\/span>\n\t\t\t\t\t\t\t\t\t\t\t<\/a>\n\t\t\t\t\t\t\t\t\t<\/li>\n\t\t\t\t\t\t\t\t<li class=\"elementor-icon-list-item elementor-inline-item\">\n\t\t\t\t\t\t\t\t\t\t\t<a href=\"https:\/\/www.vargort.com\/en\/productos\/carton-comprimido\/\">\n\n\t\t\t\t\t\t\t\t\t\t\t\t<span class=\"elementor-icon-list-icon\">\n\t\t\t\t\t\t\t<i aria-hidden=\"true\" class=\"fas fa-chevron-right\"><\/i>\t\t\t\t\t\t<\/span>\n\t\t\t\t\t\t\t\t\t\t<span class=\"elementor-icon-list-text\">Compressed cardboard<\/span>\n\t\t\t\t\t\t\t\t\t\t\t<\/a>\n\t\t\t\t\t\t\t\t\t<\/li>\n\t\t\t\t\t\t<\/ul>\n\t\t\t\t<\/div>\n\t\t\t\t<\/div>\n\t\t\t\t\t<\/div>\n\t\t<\/div>\n\t\t\t\t\t<\/div>\n\t\t<\/section>\n\t\t\t\t<section class=\"elementor-section elementor-top-section elementor-element elementor-element-2e223413 elementor-section-boxed elementor-section-height-default elementor-section-height-default\" data-id=\"2e223413\" data-element_type=\"section\">\n\t\t\t\t\t\t<div class=\"elementor-container elementor-column-gap-default\">\n\t\t\t\t\t<div class=\"elementor-column elementor-col-50 elementor-top-column elementor-element elementor-element-69a97c48\" data-id=\"69a97c48\" data-element_type=\"column\">\n\t\t\t<div class=\"elementor-widget-wrap elementor-element-populated\">\n\t\t\t\t\t\t<div class=\"elementor-element elementor-element-6c4a9b3d elementor-widget elementor-widget-image\" data-id=\"6c4a9b3d\" data-element_type=\"widget\" data-widget_type=\"image.default\">\n\t\t\t\t<div class=\"elementor-widget-container\">\n\t\t\t\t\t\t\t\t\t\t\t\t\t<img fetchpriority=\"high\" decoding=\"async\" width=\"1200\" height=\"1200\" src=\"https:\/\/www.vargort.com\/wp-content\/uploads\/2023\/03\/Plancha-o-laminas-de-carton-comprimido-VARGORT.webp\" class=\"attachment-full size-full wp-image-5363\" alt=\"\" srcset=\"https:\/\/www.vargort.com\/wp-content\/uploads\/2023\/03\/Plancha-o-laminas-de-carton-comprimido-VARGORT.webp 1200w, https:\/\/www.vargort.com\/wp-content\/uploads\/2023\/03\/Plancha-o-laminas-de-carton-comprimido-VARGORT-100x100.webp 100w, https:\/\/www.vargort.com\/wp-content\/uploads\/2023\/03\/Plancha-o-laminas-de-carton-comprimido-VARGORT-500x500.webp 500w, https:\/\/www.vargort.com\/wp-content\/uploads\/2023\/03\/Plancha-o-laminas-de-carton-comprimido-VARGORT-300x300.webp 300w, https:\/\/www.vargort.com\/wp-content\/uploads\/2023\/03\/Plancha-o-laminas-de-carton-comprimido-VARGORT-1024x1024.webp 1024w, https:\/\/www.vargort.com\/wp-content\/uploads\/2023\/03\/Plancha-o-laminas-de-carton-comprimido-VARGORT-150x150.webp 150w, https:\/\/www.vargort.com\/wp-content\/uploads\/2023\/03\/Plancha-o-laminas-de-carton-comprimido-VARGORT-768x768.webp 768w, https:\/\/www.vargort.com\/wp-content\/uploads\/2023\/03\/Plancha-o-laminas-de-carton-comprimido-VARGORT-12x12.webp 12w\" sizes=\"(max-width: 1200px) 100vw, 1200px\" \/>\t\t\t\t\t\t\t\t\t\t\t\t\t<\/div>\n\t\t\t\t<\/div>\n\t\t\t\t\t<\/div>\n\t\t<\/div>\n\t\t\t\t<div class=\"elementor-column elementor-col-50 elementor-top-column elementor-element elementor-element-19361f2a\" data-id=\"19361f2a\" data-element_type=\"column\">\n\t\t\t<div class=\"elementor-widget-wrap elementor-element-populated\">\n\t\t\t\t\t\t<div class=\"elementor-element elementor-element-50f5fd2d elementor-widget elementor-widget-heading\" data-id=\"50f5fd2d\" data-element_type=\"widget\" data-widget_type=\"heading.default\">\n\t\t\t\t<div class=\"elementor-widget-container\">\n\t\t\t<h3 class=\"elementor-heading-title elementor-size-default\">Suppliers of asbestos-free compressed cardboard sheets<\/h3>\t\t<\/div>\n\t\t\t\t<\/div>\n\t\t\t\t<div class=\"elementor-element elementor-element-1ee1bec elementor-widget elementor-widget-heading\" data-id=\"1ee1bec\" data-element_type=\"widget\" data-widget_type=\"heading.default\">\n\t\t\t\t<div class=\"elementor-widget-container\">\n\t\t\t<h4 class=\"elementor-heading-title elementor-size-medium\">Compressed cardboard sheets with metal mesh, for radiators, for fittings.<\/h4>\t\t<\/div>\n\t\t\t\t<\/div>\n\t\t\t\t<div class=\"elementor-element elementor-element-30193ac9 elementor-widget elementor-widget-text-editor\" data-id=\"30193ac9\" data-element_type=\"widget\" data-widget_type=\"text-editor.default\">\n\t\t\t\t<div class=\"elementor-widget-container\">\n\t\t\t\t\t\t\t<p>Compressed cardboard sheets or plates are a type of sealing material used in a variety of industrial applications. This material is known for its high strength and durability, as well as its ability to effectively seal a wide range of fluids.<\/p><p>Compressed cardboard is made up of cellulose fibers that have been subjected to a pressing and heating process to form a compact and resistant sheet. This process creates a material with a dense and uniform fibrous structure that allows it to withstand high temperatures and pressures without deforming or wearing.<\/p><p>In addition to their high strength and durability, compressed cardboard sheets are also easy to cut and shape, making them highly versatile and suitable for a wide variety of applications.<\/p><p>In summary, compressed cardboard sheets are a highly effective and durable sealing material used in a wide variety of industrial applications. Their ability to effectively seal a wide variety of fluids, their resistance to temperature and pressure, and their versatility make them ideal for use in a wide variety of demanding industrial applications.<\/p>\t\t\t\t\t\t<\/div>\n\t\t\t\t<\/div>\n\t\t\t\t\t<\/div>\n\t\t<\/div>\n\t\t\t\t\t<\/div>\n\t\t<\/section>\n\t\t\t\t<section class=\"elementor-section elementor-top-section elementor-element elementor-element-484da116 elementor-section-boxed elementor-section-height-default elementor-section-height-default\" data-id=\"484da116\" data-element_type=\"section\">\n\t\t\t\t\t\t<div class=\"elementor-container elementor-column-gap-default\">\n\t\t\t\t\t<div class=\"elementor-column elementor-col-100 elementor-top-column elementor-element elementor-element-5f5ce881\" data-id=\"5f5ce881\" data-element_type=\"column\">\n\t\t\t<div class=\"elementor-widget-wrap elementor-element-populated\">\n\t\t\t\t\t\t<section class=\"elementor-section elementor-inner-section elementor-element elementor-element-30599f2e elementor-section-boxed elementor-section-height-default elementor-section-height-default\" data-id=\"30599f2e\" data-element_type=\"section\">\n\t\t\t\t\t\t<div class=\"elementor-container elementor-column-gap-wide\">\n\t\t\t\t\t<div class=\"elementor-column elementor-col-50 elementor-inner-column elementor-element elementor-element-665574d\" data-id=\"665574d\" data-element_type=\"column\">\n\t\t\t<div class=\"elementor-widget-wrap elementor-element-populated\">\n\t\t\t\t\t\t<div class=\"elementor-element elementor-element-bcdd0a9 elementor-widget elementor-widget-heading\" data-id=\"bcdd0a9\" data-element_type=\"widget\" data-widget_type=\"heading.default\">\n\t\t\t\t<div class=\"elementor-widget-container\">\n\t\t\t<h4 class=\"elementor-heading-title elementor-size-medium\">Advantages of compressed cardboard sheets<\/h4>\t\t<\/div>\n\t\t\t\t<\/div>\n\t\t\t\t<div class=\"elementor-element elementor-element-1cf1a9f elementor-widget elementor-widget-text-editor\" data-id=\"1cf1a9f\" data-element_type=\"widget\" data-widget_type=\"text-editor.default\">\n\t\t\t\t<div class=\"elementor-widget-container\">\n\t\t\t\t\t\t\t<p>One of the main advantages of compressed cardboard sheets is their ability to effectively seal a wide variety of fluids, including oils, water, gases and chemicals. This is because the material is highly resistant to penetration and wear, making it ideal for applications where a secure and durable seal is required.<\/p><p>Another important advantage of compressed cardboard sheets is their ability to withstand high temperatures and pressures. These sheets can withstand temperatures up to 400 degrees Celsius and pressures up to 150 bar, making them ideal for use in applications where a strong, long-lasting seal is required.<\/p>\t\t\t\t\t\t<\/div>\n\t\t\t\t<\/div>\n\t\t\t\t\t<\/div>\n\t\t<\/div>\n\t\t\t\t<div class=\"elementor-column elementor-col-50 elementor-inner-column elementor-element elementor-element-9ba6d0d\" data-id=\"9ba6d0d\" data-element_type=\"column\">\n\t\t\t<div class=\"elementor-widget-wrap elementor-element-populated\">\n\t\t\t\t\t\t<div class=\"elementor-element elementor-element-53ba372 elementor-widget elementor-widget-heading\" data-id=\"53ba372\" data-element_type=\"widget\" data-widget_type=\"heading.default\">\n\t\t\t\t<div class=\"elementor-widget-container\">\n\t\t\t<h4 class=\"elementor-heading-title elementor-size-medium\">Compressed cardboard brands<\/h4>\t\t<\/div>\n\t\t\t\t<\/div>\n\t\t\t\t<div class=\"elementor-element elementor-element-5049033 elementor-widget elementor-widget-text-editor\" data-id=\"5049033\" data-element_type=\"widget\" data-widget_type=\"text-editor.default\">\n\t\t\t\t<div class=\"elementor-widget-container\">\n\t\t\t\t\t\t\t<p>We work with the main brands in the sector;<\/p><p>Belpa\u00ae, Tesnit\u00ae, Klinger\u00ae, Victor Reinz\u00ae, Frenzelit\u00ae, Garlock\u00ae, Goodlerit\u00ae<\/p><p>Normally the plates are 1500mm x 1500mm, although 3000mm x 1500mm is available on request. Thicknesses of 0.5, 0.8, 1, 1.5, 2, 2.5, 3, 4, and 5 mm<\/p>\t\t\t\t\t\t<\/div>\n\t\t\t\t<\/div>\n\t\t\t\t<div class=\"elementor-element elementor-element-4485da8 elementor-icon-list--layout-traditional elementor-list-item-link-full_width elementor-widget elementor-widget-icon-list\" data-id=\"4485da8\" data-element_type=\"widget\" data-widget_type=\"icon-list.default\">\n\t\t\t\t<div class=\"elementor-widget-container\">\n\t\t\t\t\t<ul class=\"elementor-icon-list-items\">\n\t\t\t\t\t\t\t<li class=\"elementor-icon-list-item\">\n\t\t\t\t\t\t\t\t\t\t\t<span class=\"elementor-icon-list-icon\">\n\t\t\t\t\t\t\t<i aria-hidden=\"true\" class=\"icon icon-checkmark\"><\/i>\t\t\t\t\t\t<\/span>\n\t\t\t\t\t\t\t\t\t\t<span class=\"elementor-icon-list-text\">Compressed cardboard free of asbestos, graphite and universal<\/span>\n\t\t\t\t\t\t\t\t\t<\/li>\n\t\t\t\t\t\t\t\t<li class=\"elementor-icon-list-item\">\n\t\t\t\t\t\t\t\t\t\t\t<span class=\"elementor-icon-list-icon\">\n\t\t\t\t\t\t\t<i aria-hidden=\"true\" class=\"icon icon-checkmark\"><\/i>\t\t\t\t\t\t<\/span>\n\t\t\t\t\t\t\t\t\t\t<span class=\"elementor-icon-list-text\">Compressed cardboard with metal mesh<\/span>\n\t\t\t\t\t\t\t\t\t<\/li>\n\t\t\t\t\t\t\t\t<li class=\"elementor-icon-list-item\">\n\t\t\t\t\t\t\t\t\t\t\t<span class=\"elementor-icon-list-icon\">\n\t\t\t\t\t\t\t<i aria-hidden=\"true\" class=\"icon icon-checkmark\"><\/i>\t\t\t\t\t\t<\/span>\n\t\t\t\t\t\t\t\t\t\t<span class=\"elementor-icon-list-text\">Compressed cardboard for radiator <\/span>\n\t\t\t\t\t\t\t\t\t<\/li>\n\t\t\t\t\t\t\t\t<li class=\"elementor-icon-list-item\">\n\t\t\t\t\t\t\t\t\t\t\t<span class=\"elementor-icon-list-icon\">\n\t\t\t\t\t\t\t<i aria-hidden=\"true\" class=\"icon icon-checkmark\"><\/i>\t\t\t\t\t\t<\/span>\n\t\t\t\t\t\t\t\t\t\t<span class=\"elementor-icon-list-text\">Compressed cardboard for fitting<\/span>\n\t\t\t\t\t\t\t\t\t<\/li>\n\t\t\t\t\t\t<\/ul>\n\t\t\t\t<\/div>\n\t\t\t\t<\/div>\n\t\t\t\t\t<\/div>\n\t\t<\/div>\n\t\t\t\t\t<\/div>\n\t\t<\/section>\n\t\t\t\t\t<\/div>\n\t\t<\/div>\n\t\t\t\t\t<\/div>\n\t\t<\/section>\n\t\t\t\t<section class=\"elementor-section elementor-top-section elementor-element elementor-element-188f1d6c elementor-section-boxed elementor-section-height-default elementor-section-height-default\" data-id=\"188f1d6c\" data-element_type=\"section\">\n\t\t\t\t\t\t<div class=\"elementor-container elementor-column-gap-default\">\n\t\t\t\t\t<div class=\"elementor-column elementor-col-100 elementor-top-column elementor-element elementor-element-1cf38769\" data-id=\"1cf38769\" data-element_type=\"column\">\n\t\t\t<div class=\"elementor-widget-wrap\">\n\t\t\t\t\t\t\t<\/div>\n\t\t<\/div>\n\t\t\t\t\t<\/div>\n\t\t<\/section>\n\t\t\t\t<\/div>","protected":false},"excerpt":{"rendered":"<p>Planchas de cart\u00f3n comprimido Inicio Cart\u00f3n Comprimido Proveedores de planchas\/l\u00e1minas de cart\u00f3n comprimido libre de amianto Planchas de cart\u00f3n comprimido con malla met\u00e1lica, para radiado, para racor. Las l\u00e1minas o planchas de cart\u00f3n comprimido son un tipo de material de sellado utilizado en una variedad de aplicaciones industriales. Este material es conocido por su alta [&hellip;]<\/p>","protected":false},"author":1,"featured_media":0,"parent":4800,"menu_order":0,"comment_status":"closed","ping_status":"closed","template":"elementor_header_footer","meta":{"footnotes":""},"class_list":["post-4842","page","type-page","status-publish","hentry"],"yoast_head":"<!-- This site is optimized with the Yoast SEO Premium plugin v19.4 (Yoast SEO v21.7) - https:\/\/yoast.com\/wordpress\/plugins\/seo\/ -->\n<title>Planchas de cart\u00f3n comprimido - Juntas VARGORT<\/title>\n<meta name=\"description\" content=\"En VARGORT somos proveedores de planchas o l\u00e1minas de cart\u00f3n comprimido. Fabricantes de planchas de fibra de cart\u00f3n para sellado de fluidos\" \/>\n<meta name=\"robots\" content=\"index, follow, max-snippet:-1, max-image-preview:large, max-video-preview:-1\" \/>\n<link rel=\"canonical\" href=\"https:\/\/www.vargort.com\/en\/productos\/carton-comprimido\/planchas-de-carton-comprimido\/\" \/>\n<meta property=\"og:locale\" content=\"en_GB\" \/>\n<meta property=\"og:type\" content=\"article\" \/>\n<meta property=\"og:title\" content=\"Planchas de cart\u00f3n comprimido\" \/>\n<meta property=\"og:description\" content=\"En VARGORT somos proveedores de planchas o l\u00e1minas de cart\u00f3n comprimido. Fabricantes de planchas de fibra de cart\u00f3n para sellado de fluidos\" \/>\n<meta property=\"og:url\" content=\"https:\/\/www.vargort.com\/en\/productos\/carton-comprimido\/planchas-de-carton-comprimido\/\" \/>\n<meta property=\"og:site_name\" content=\"Juntas VARGORT\" \/>\n<meta property=\"article:modified_time\" content=\"2023-03-16T09:58:30+00:00\" \/>\n<meta property=\"og:image\" content=\"https:\/\/www.vargort.com\/wp-content\/uploads\/2023\/03\/Plancha-o-laminas-de-carton-comprimido-VARGORT.webp\" \/>\n<meta name=\"twitter:card\" content=\"summary_large_image\" \/>\n<meta name=\"twitter:label1\" content=\"Estimated reading time\" \/>\n\t<meta name=\"twitter:data1\" content=\"3 minutes\" \/>\n<script type=\"application\/ld+json\" class=\"yoast-schema-graph\">{\"@context\":\"https:\/\/schema.org\",\"@graph\":[{\"@type\":\"WebPage\",\"@id\":\"https:\/\/www.vargort.com\/productos\/carton-comprimido\/planchas-de-carton-comprimido\/\",\"url\":\"https:\/\/www.vargort.com\/productos\/carton-comprimido\/planchas-de-carton-comprimido\/\",\"name\":\"Planchas de cart\u00f3n comprimido - Juntas VARGORT\",\"isPartOf\":{\"@id\":\"https:\/\/www.vargort.com\/#website\"},\"datePublished\":\"2023-03-13T10:16:28+00:00\",\"dateModified\":\"2023-03-16T09:58:30+00:00\",\"description\":\"En VARGORT somos proveedores de planchas o l\u00e1minas de cart\u00f3n comprimido. Fabricantes de planchas de fibra de cart\u00f3n para sellado de fluidos\",\"breadcrumb\":{\"@id\":\"https:\/\/www.vargort.com\/productos\/carton-comprimido\/planchas-de-carton-comprimido\/#breadcrumb\"},\"inLanguage\":\"en-GB\",\"potentialAction\":[{\"@type\":\"ReadAction\",\"target\":[\"https:\/\/www.vargort.com\/productos\/carton-comprimido\/planchas-de-carton-comprimido\/\"]}]},{\"@type\":\"BreadcrumbList\",\"@id\":\"https:\/\/www.vargort.com\/productos\/carton-comprimido\/planchas-de-carton-comprimido\/#breadcrumb\",\"itemListElement\":[{\"@type\":\"ListItem\",\"position\":1,\"name\":\"Portada\",\"item\":\"https:\/\/www.vargort.com\/\"},{\"@type\":\"ListItem\",\"position\":2,\"name\":\"Productos\",\"item\":\"https:\/\/www.vargort.com\/productos\/\"},{\"@type\":\"ListItem\",\"position\":3,\"name\":\"Cart\u00f3n Comprimido\",\"item\":\"https:\/\/www.vargort.com\/productos\/carton-comprimido\/\"},{\"@type\":\"ListItem\",\"position\":4,\"name\":\"Planchas de cart\u00f3n comprimido\"}]},{\"@type\":\"WebSite\",\"@id\":\"https:\/\/www.vargort.com\/#website\",\"url\":\"https:\/\/www.vargort.com\/\",\"name\":\"Juntas VARGORT\",\"description\":\"Fabricantes de juntas y perfiles de caucho y silicona\",\"potentialAction\":[{\"@type\":\"SearchAction\",\"target\":{\"@type\":\"EntryPoint\",\"urlTemplate\":\"https:\/\/www.vargort.com\/?s={search_term_string}\"},\"query-input\":\"required name=search_term_string\"}],\"inLanguage\":\"en-GB\"}]}<\/script>\n<!-- \/ Yoast SEO Premium plugin. -->","yoast_head_json":{"title":"Planchas de cart\u00f3n comprimido - Juntas VARGORT","description":"En VARGORT somos proveedores de planchas o l\u00e1minas de cart\u00f3n comprimido. Fabricantes de planchas de fibra de cart\u00f3n para sellado de fluidos","robots":{"index":"index","follow":"follow","max-snippet":"max-snippet:-1","max-image-preview":"max-image-preview:large","max-video-preview":"max-video-preview:-1"},"canonical":"https:\/\/www.vargort.com\/en\/productos\/carton-comprimido\/planchas-de-carton-comprimido\/","og_locale":"en_GB","og_type":"article","og_title":"Planchas de cart\u00f3n comprimido","og_description":"En VARGORT somos proveedores de planchas o l\u00e1minas de cart\u00f3n comprimido. Fabricantes de planchas de fibra de cart\u00f3n para sellado de fluidos","og_url":"https:\/\/www.vargort.com\/en\/productos\/carton-comprimido\/planchas-de-carton-comprimido\/","og_site_name":"Juntas VARGORT","article_modified_time":"2023-03-16T09:58:30+00:00","og_image":[{"url":"https:\/\/www.vargort.com\/wp-content\/uploads\/2023\/03\/Plancha-o-laminas-de-carton-comprimido-VARGORT.webp"}],"twitter_card":"summary_large_image","twitter_misc":{"Estimated reading time":"3 minutes"},"schema":{"@context":"https:\/\/schema.org","@graph":[{"@type":"WebPage","@id":"https:\/\/www.vargort.com\/productos\/carton-comprimido\/planchas-de-carton-comprimido\/","url":"https:\/\/www.vargort.com\/productos\/carton-comprimido\/planchas-de-carton-comprimido\/","name":"Planchas de cart\u00f3n comprimido - Juntas VARGORT","isPartOf":{"@id":"https:\/\/www.vargort.com\/#website"},"datePublished":"2023-03-13T10:16:28+00:00","dateModified":"2023-03-16T09:58:30+00:00","description":"En VARGORT somos proveedores de planchas o l\u00e1minas de cart\u00f3n comprimido. Fabricantes de planchas de fibra de cart\u00f3n para sellado de fluidos","breadcrumb":{"@id":"https:\/\/www.vargort.com\/productos\/carton-comprimido\/planchas-de-carton-comprimido\/#breadcrumb"},"inLanguage":"en-GB","potentialAction":[{"@type":"ReadAction","target":["https:\/\/www.vargort.com\/productos\/carton-comprimido\/planchas-de-carton-comprimido\/"]}]},{"@type":"BreadcrumbList","@id":"https:\/\/www.vargort.com\/productos\/carton-comprimido\/planchas-de-carton-comprimido\/#breadcrumb","itemListElement":[{"@type":"ListItem","position":1,"name":"Portada","item":"https:\/\/www.vargort.com\/"},{"@type":"ListItem","position":2,"name":"Productos","item":"https:\/\/www.vargort.com\/productos\/"},{"@type":"ListItem","position":3,"name":"Cart\u00f3n Comprimido","item":"https:\/\/www.vargort.com\/productos\/carton-comprimido\/"},{"@type":"ListItem","position":4,"name":"Planchas de cart\u00f3n comprimido"}]},{"@type":"WebSite","@id":"https:\/\/www.vargort.com\/#website","url":"https:\/\/www.vargort.com\/","name":"Juntas VARGORT","description":"Fabricantes de juntas y perfiles de caucho y silicona","potentialAction":[{"@type":"SearchAction","target":{"@type":"EntryPoint","urlTemplate":"https:\/\/www.vargort.com\/?s={search_term_string}"},"query-input":"required name=search_term_string"}],"inLanguage":"en-GB"}]}},"_links":{"self":[{"href":"https:\/\/www.vargort.com\/en\/wp-json\/wp\/v2\/pages\/4842","targetHints":{"allow":["GET"]}}],"collection":[{"href":"https:\/\/www.vargort.com\/en\/wp-json\/wp\/v2\/pages"}],"about":[{"href":"https:\/\/www.vargort.com\/en\/wp-json\/wp\/v2\/types\/page"}],"author":[{"embeddable":true,"href":"https:\/\/www.vargort.com\/en\/wp-json\/wp\/v2\/users\/1"}],"replies":[{"embeddable":true,"href":"https:\/\/www.vargort.com\/en\/wp-json\/wp\/v2\/comments?post=4842"}],"version-history":[{"count":20,"href":"https:\/\/www.vargort.com\/en\/wp-json\/wp\/v2\/pages\/4842\/revisions"}],"predecessor-version":[{"id":5369,"href":"https:\/\/www.vargort.com\/en\/wp-json\/wp\/v2\/pages\/4842\/revisions\/5369"}],"up":[{"embeddable":true,"href":"https:\/\/www.vargort.com\/en\/wp-json\/wp\/v2\/pages\/4800"}],"wp:attachment":[{"href":"https:\/\/www.vargort.com\/en\/wp-json\/wp\/v2\/media?parent=4842"}],"curies":[{"name":"wp","href":"https:\/\/api.w.org\/{rel}","templated":true}]}}